{"id":2268,"date":"2023-11-17T15:55:31","date_gmt":"2023-11-17T15:55:31","guid":{"rendered":"https:\/\/new.lebenshilfe-kuh-und-co.de\/?page_id=2268"},"modified":"2023-11-30T12:42:29","modified_gmt":"2023-11-30T12:42:29","slug":"impressum-und-informationen","status":"publish","type":"page","link":"https:\/\/lebenshilfe-kuh-und-co.de\/index.php\/impressum-und-informationen\/","title":{"rendered":"Impressum"},"content":{"rendered":"\t\t<div data-elementor-type=\"wp-page\" data-elementor-id=\"2268\" class=\"elementor elementor-2268\">\n\t\t\t\t<div class=\"elementor-element elementor-element-dbfb823 e-flex e-con-boxed e-con e-parent\" data-id=\"dbfb823\" data-element_type=\"container\" data-e-type=\"container\">\n\t\t\t\t\t<div class=\"e-con-inner\">\n\t\t\t\t<div class=\"elementor-element elementor-element-9e6f582 elementor-widget elementor-widget-text-editor\" data-id=\"9e6f582\" data-element_type=\"widget\" data-e-type=\"widget\" data-widget_type=\"text-editor.default\">\n\t\t\t\t<div class=\"elementor-widget-container\">\n\t\t\t\t\t\t\t\t\t<h4><strong>Impressum<\/strong><\/h4>\nVerantwortlich:<br>\n\n<strong>Verein Lebenshilfe Kuh &amp; Co. e.V.<\/strong><br>\n<br>\nSabine Ma\u00dfler<br>\n1. Vorsitzende<br>\nLedergasse 3<br>\n78250 Tengen<br>\n<br>\nKontakt:<br>\nTelefon: 0049 (0) 7736 &#8211; 924613<br>\nE-Mail: sabine@lebenshilfe-kuh-und-co.de<br>\n<br>\n<strong>Registereintrag:<\/strong><br>\nEintragung im Vereinsregister: Freiburg 701543<br>\nDer Verein ist als gemeinn\u00fctzig anerkannt f\u00fcr:\nF\u00f6rderung des Umweltschutzes (\u00a752 Abs.2 Satz 1 Nr. 8AO) und F\u00f6rderung des Tierschutzes (\u00a752 Abs. 2 Satz 1 Nr. 14 AO)\n<br>\nFinanzamt Singen AZ: 18166\/74035\n<br>\nAufsichtsbeh\u00f6rde Amtsgericht Freiburg\nAngaben gem\u00e4\u00df \u00a7 5 TMG:<br>\n\nLebenshilfe Kuh &amp; Co. e. V.<br>\nLedergasse 3<br>\n78250 Tengen<br>\n<br>\n<strong>Vertreten durch:<\/strong><br>\n1. Vorsitzende<br>\nSabine Ma\u00dfler<br>\nLedergasse 3<br>\n78250 Tengen<br>\n<br>\nKontakt:<br>\nTelefon: 07736-924613<br>\nE-Mail: sabine@lebenshilfe-kuh-und-co.de<br>\n<br>\n<strong>Registereintrag:<\/strong>\n<br>\nEintragung im Vereinsregister.<br>\nRegistergericht: Amtsgericht Freiburg<br>\n\nRegisternummer: VR 701543<br><br>\n\nHinweis auf EU-Streitschlichtung\n\nDie Europ\u00e4ische Kommission stellt eine Plattform zur Online-Streitbeilegung (OS) bereit: http:\/\/ec.europa.eu\/consumers\/odr\n\nUnsere E-Mail-Adresse finden sie oben im Impressum.\t\t\t\t\t\t\t\t<\/div>\n\t\t\t\t<\/div>\n\t\t\t\t\t<\/div>\n\t\t\t\t<\/div>\n\t\t\t\t<\/div>\n\t\t","protected":false},"excerpt":{"rendered":"<p>Impressum Verantwortlich: Verein Lebenshilfe Kuh &amp; Co. e.V. Sabine Ma\u00dfler 1. Vorsitzende Ledergasse 3 78250 Tengen Kontakt: Telefon: 0049 (0) 7736 &#8211; 924613 E-Mail: sabine@lebenshilfe-kuh-und-co.de Registereintrag: Eintragung im Vereinsregister: Freiburg 701543 Der Verein ist als gemeinn\u00fctzig anerkannt f\u00fcr: F\u00f6rderung des Umweltschutzes (\u00a752 Abs.2 Satz 1 Nr. 8AO) und F\u00f6rderung des Tierschutzes (\u00a752 Abs. 2 Satz &hellip;<\/p>\n<p class=\"read-more\"> <a class=\"\" href=\"https:\/\/lebenshilfe-kuh-und-co.de\/index.php\/impressum-und-informationen\/\"> <span class=\"screen-reader-text\">Impressum<\/span> Weiterlesen &raquo;<\/a><\/p>\n","protected":false},"author":1,"featured_media":0,"parent":0,"menu_order":0,"comment_status":"closed","ping_status":"closed","template":"","meta":{"site-sidebar-layout":"no-sidebar","site-content-layout":"page-builder","ast-site-content-layout":"full-width-container","site-content-style":"default","site-sidebar-style":"default","ast-global-header-display":"","ast-banner-title-visibility":"","ast-main-header-display":"","ast-hfb-above-header-display":"","ast-hfb-below-header-display":"","ast-hfb-mobile-header-display":"","site-post-title":"disabled","ast-breadcrumbs-content":"","ast-featured-img":"disabled","footer-sml-layout":"","theme-transparent-header-meta":"","adv-header-id-meta":"","stick-header-meta":"","header-above-stick-meta":"","header-main-stick-meta":"","header-below-stick-meta":"","astra-migrate-meta-layouts":"set","footnotes":""},"class_list":["post-2268","page","type-page","status-publish","hentry"],"yoast_head":"<!-- This site is optimized with the Yoast SEO plugin v21.5 - https:\/\/yoast.com\/wordpress\/plugins\/seo\/ -->\n<title>Impressum - Lebenshilfe Kuh und Co e.V.<\/title>\n<meta name=\"description\" content=\"Im Impressum findest Du grundlegende Informationen \u00fcber den Verein Lebenshilfe Kuh &amp; Co. e.V. zb. die Kontaktdaten.\" \/>\n<meta name=\"robots\" content=\"index, follow, max-snippet:-1, max-image-preview:large, max-video-preview:-1\" \/>\n<link rel=\"canonical\" href=\"https:\/\/lebenshilfe-kuh-und-co.de\/index.php\/impressum-und-informationen\/\" \/>\n<meta property=\"og:locale\" content=\"de_DE\" \/>\n<meta property=\"og:type\" content=\"article\" \/>\n<meta property=\"og:title\" content=\"Impressum - Lebenshilfe Kuh und Co e.V.\" \/>\n<meta property=\"og:description\" content=\"Im Impressum findest Du grundlegende Informationen \u00fcber den Verein Lebenshilfe Kuh &amp; Co. e.V. zb. die Kontaktdaten.\" \/>\n<meta property=\"og:url\" content=\"https:\/\/lebenshilfe-kuh-und-co.de\/index.php\/impressum-und-informationen\/\" \/>\n<meta property=\"og:site_name\" content=\"Lebenshilfe Kuh und Co e.V.\" \/>\n<meta property=\"article:publisher\" content=\"https:\/\/www.facebook.com\/lebenshilfekuhundco\" \/>\n<meta property=\"article:modified_time\" content=\"2023-11-30T12:42:29+00:00\" \/>\n<meta name=\"twitter:card\" content=\"summary_large_image\" \/>\n<meta name=\"twitter:label1\" content=\"Gesch\u00e4tzte Lesezeit\" \/>\n\t<meta name=\"twitter:data1\" content=\"1\u00a0Minute\" \/>\n<script type=\"application\/ld+json\" class=\"yoast-schema-graph\">{\"@context\":\"https:\/\/schema.org\",\"@graph\":[{\"@type\":\"WebPage\",\"@id\":\"https:\/\/lebenshilfe-kuh-und-co.de\/index.php\/impressum-und-informationen\/\",\"url\":\"https:\/\/lebenshilfe-kuh-und-co.de\/index.php\/impressum-und-informationen\/\",\"name\":\"Impressum - Lebenshilfe Kuh und Co e.V.\",\"isPartOf\":{\"@id\":\"https:\/\/lebenshilfe-kuh-und-co.de\/#website\"},\"datePublished\":\"2023-11-17T15:55:31+00:00\",\"dateModified\":\"2023-11-30T12:42:29+00:00\",\"description\":\"Im Impressum findest Du grundlegende Informationen \u00fcber den Verein Lebenshilfe Kuh & Co. e.V. zb. die Kontaktdaten.\",\"breadcrumb\":{\"@id\":\"https:\/\/lebenshilfe-kuh-und-co.de\/index.php\/impressum-und-informationen\/#breadcrumb\"},\"inLanguage\":\"de\",\"potentialAction\":[{\"@type\":\"ReadAction\",\"target\":[\"https:\/\/lebenshilfe-kuh-und-co.de\/index.php\/impressum-und-informationen\/\"]}]},{\"@type\":\"BreadcrumbList\",\"@id\":\"https:\/\/lebenshilfe-kuh-und-co.de\/index.php\/impressum-und-informationen\/#breadcrumb\",\"itemListElement\":[{\"@type\":\"ListItem\",\"position\":1,\"name\":\"Home\",\"item\":\"https:\/\/lebenshilfe-kuh-und-co.de\/\"},{\"@type\":\"ListItem\",\"position\":2,\"name\":\"Impressum\"}]},{\"@type\":\"WebSite\",\"@id\":\"https:\/\/lebenshilfe-kuh-und-co.de\/#website\",\"url\":\"https:\/\/lebenshilfe-kuh-und-co.de\/\",\"name\":\"Lebenshilfe Kuh und Co e.V.\",\"description\":\"Gemeinsam ein Licht in die St\u00e4lle tragen\",\"publisher\":{\"@id\":\"https:\/\/lebenshilfe-kuh-und-co.de\/#organization\"},\"potentialAction\":[{\"@type\":\"SearchAction\",\"target\":{\"@type\":\"EntryPoint\",\"urlTemplate\":\"https:\/\/lebenshilfe-kuh-und-co.de\/?s={search_term_string}\"},\"query-input\":\"required name=search_term_string\"}],\"inLanguage\":\"de\"},{\"@type\":\"Organization\",\"@id\":\"https:\/\/lebenshilfe-kuh-und-co.de\/#organization\",\"name\":\"Lebenshilfe Kuh und Co e.V.\",\"url\":\"https:\/\/lebenshilfe-kuh-und-co.de\/\",\"logo\":{\"@type\":\"ImageObject\",\"inLanguage\":\"de\",\"@id\":\"https:\/\/lebenshilfe-kuh-und-co.de\/#\/schema\/logo\/image\/\",\"url\":\"https:\/\/lebenshilfe-kuh-und-co.de\/wp-content\/uploads\/2023\/10\/cropped-cropped-lebenshilfe-logo.png\",\"contentUrl\":\"https:\/\/lebenshilfe-kuh-und-co.de\/wp-content\/uploads\/2023\/10\/cropped-cropped-lebenshilfe-logo.png\",\"width\":451,\"height\":164,\"caption\":\"Lebenshilfe Kuh und Co e.V.\"},\"image\":{\"@id\":\"https:\/\/lebenshilfe-kuh-und-co.de\/#\/schema\/logo\/image\/\"},\"sameAs\":[\"https:\/\/www.facebook.com\/lebenshilfekuhundco\",\"https:\/\/www.instagram.com\/lebenshilfekuhundcoev\/\"]}]}<\/script>\n<!-- \/ Yoast SEO plugin. -->","yoast_head_json":{"title":"Impressum - Lebenshilfe Kuh und Co e.V.","description":"Im Impressum findest Du grundlegende Informationen \u00fcber den Verein Lebenshilfe Kuh & Co. e.V. zb. die Kontaktdaten.","robots":{"index":"index","follow":"follow","max-snippet":"max-snippet:-1","max-image-preview":"max-image-preview:large","max-video-preview":"max-video-preview:-1"},"canonical":"https:\/\/lebenshilfe-kuh-und-co.de\/index.php\/impressum-und-informationen\/","og_locale":"de_DE","og_type":"article","og_title":"Impressum - Lebenshilfe Kuh und Co e.V.","og_description":"Im Impressum findest Du grundlegende Informationen \u00fcber den Verein Lebenshilfe Kuh & Co. e.V. zb. die Kontaktdaten.","og_url":"https:\/\/lebenshilfe-kuh-und-co.de\/index.php\/impressum-und-informationen\/","og_site_name":"Lebenshilfe Kuh und Co e.V.","article_publisher":"https:\/\/www.facebook.com\/lebenshilfekuhundco","article_modified_time":"2023-11-30T12:42:29+00:00","twitter_card":"summary_large_image","twitter_misc":{"Gesch\u00e4tzte Lesezeit":"1\u00a0Minute"},"schema":{"@context":"https:\/\/schema.org","@graph":[{"@type":"WebPage","@id":"https:\/\/lebenshilfe-kuh-und-co.de\/index.php\/impressum-und-informationen\/","url":"https:\/\/lebenshilfe-kuh-und-co.de\/index.php\/impressum-und-informationen\/","name":"Impressum - Lebenshilfe Kuh und Co e.V.","isPartOf":{"@id":"https:\/\/lebenshilfe-kuh-und-co.de\/#website"},"datePublished":"2023-11-17T15:55:31+00:00","dateModified":"2023-11-30T12:42:29+00:00","description":"Im Impressum findest Du grundlegende Informationen \u00fcber den Verein Lebenshilfe Kuh & Co. e.V. zb. die Kontaktdaten.","breadcrumb":{"@id":"https:\/\/lebenshilfe-kuh-und-co.de\/index.php\/impressum-und-informationen\/#breadcrumb"},"inLanguage":"de","potentialAction":[{"@type":"ReadAction","target":["https:\/\/lebenshilfe-kuh-und-co.de\/index.php\/impressum-und-informationen\/"]}]},{"@type":"BreadcrumbList","@id":"https:\/\/lebenshilfe-kuh-und-co.de\/index.php\/impressum-und-informationen\/#breadcrumb","itemListElement":[{"@type":"ListItem","position":1,"name":"Home","item":"https:\/\/lebenshilfe-kuh-und-co.de\/"},{"@type":"ListItem","position":2,"name":"Impressum"}]},{"@type":"WebSite","@id":"https:\/\/lebenshilfe-kuh-und-co.de\/#website","url":"https:\/\/lebenshilfe-kuh-und-co.de\/","name":"Lebenshilfe Kuh und Co e.V.","description":"Gemeinsam ein Licht in die St\u00e4lle tragen","publisher":{"@id":"https:\/\/lebenshilfe-kuh-und-co.de\/#organization"},"potentialAction":[{"@type":"SearchAction","target":{"@type":"EntryPoint","urlTemplate":"https:\/\/lebenshilfe-kuh-und-co.de\/?s={search_term_string}"},"query-input":"required name=search_term_string"}],"inLanguage":"de"},{"@type":"Organization","@id":"https:\/\/lebenshilfe-kuh-und-co.de\/#organization","name":"Lebenshilfe Kuh und Co e.V.","url":"https:\/\/lebenshilfe-kuh-und-co.de\/","logo":{"@type":"ImageObject","inLanguage":"de","@id":"https:\/\/lebenshilfe-kuh-und-co.de\/#\/schema\/logo\/image\/","url":"https:\/\/lebenshilfe-kuh-und-co.de\/wp-content\/uploads\/2023\/10\/cropped-cropped-lebenshilfe-logo.png","contentUrl":"https:\/\/lebenshilfe-kuh-und-co.de\/wp-content\/uploads\/2023\/10\/cropped-cropped-lebenshilfe-logo.png","width":451,"height":164,"caption":"Lebenshilfe Kuh und Co e.V."},"image":{"@id":"https:\/\/lebenshilfe-kuh-und-co.de\/#\/schema\/logo\/image\/"},"sameAs":["https:\/\/www.facebook.com\/lebenshilfekuhundco","https:\/\/www.instagram.com\/lebenshilfekuhundcoev\/"]}]}},"_links":{"self":[{"href":"https:\/\/lebenshilfe-kuh-und-co.de\/index.php\/wp-json\/wp\/v2\/pages\/2268","targetHints":{"allow":["GET"]}}],"collection":[{"href":"https:\/\/lebenshilfe-kuh-und-co.de\/index.php\/wp-json\/wp\/v2\/pages"}],"about":[{"href":"https:\/\/lebenshilfe-kuh-und-co.de\/index.php\/wp-json\/wp\/v2\/types\/page"}],"author":[{"embeddable":true,"href":"https:\/\/lebenshilfe-kuh-und-co.de\/index.php\/wp-json\/wp\/v2\/users\/1"}],"replies":[{"embeddable":true,"href":"https:\/\/lebenshilfe-kuh-und-co.de\/index.php\/wp-json\/wp\/v2\/comments?post=2268"}],"version-history":[{"count":35,"href":"https:\/\/lebenshilfe-kuh-und-co.de\/index.php\/wp-json\/wp\/v2\/pages\/2268\/revisions"}],"predecessor-version":[{"id":3112,"href":"https:\/\/lebenshilfe-kuh-und-co.de\/index.php\/wp-json\/wp\/v2\/pages\/2268\/revisions\/3112"}],"wp:attachment":[{"href":"https:\/\/lebenshilfe-kuh-und-co.de\/index.php\/wp-json\/wp\/v2\/media?parent=2268"}],"curies":[{"name":"wp","href":"https:\/\/api.w.org\/{rel}","templated":true}]}}