{"id":2829,"date":"2023-11-28T16:04:10","date_gmt":"2023-11-28T16:04:10","guid":{"rendered":"https:\/\/new.lebenshilfe-kuh-und-co.de\/?page_id=2829"},"modified":"2023-12-06T12:06:59","modified_gmt":"2023-12-06T12:06:59","slug":"die-geschichte-von-peterle","status":"publish","type":"page","link":"https:\/\/lebenshilfe-kuh-und-co.de\/index.php\/die-geschichte-von-peterle\/","title":{"rendered":"Peterle"},"content":{"rendered":"\t\t<div data-elementor-type=\"wp-page\" data-elementor-id=\"2829\" class=\"elementor elementor-2829\">\n\t\t\t\t\t\t<section class=\"elementor-section elementor-top-section elementor-element elementor-element-479ec54b animated-slow elementor-section-boxed elementor-section-height-default elementor-section-height-default elementor-invisible\" data-id=\"479ec54b\" data-element_type=\"section\" data-e-type=\"section\" data-settings=\"{&quot;animation&quot;:&quot;fadeIn&quot;}\">\n\t\t\t\t\t\t<div class=\"elementor-container elementor-column-gap-wide\">\n\t\t\t\t\t<div class=\"elementor-column elementor-col-50 elementor-top-column elementor-element elementor-element-5ded3add elementor-invisible\" data-id=\"5ded3add\" data-element_type=\"column\" data-e-type=\"column\" data-settings=\"{&quot;animation&quot;:&quot;fadeIn&quot;}\">\n\t\t\t<div class=\"elementor-widget-wrap elementor-element-populated\">\n\t\t\t\t\t\t<div class=\"elementor-element elementor-element-6262d6ef elementor-widget elementor-widget-image\" data-id=\"6262d6ef\" data-element_type=\"widget\" data-e-type=\"widget\" data-widget_type=\"image.default\">\n\t\t\t\t<div class=\"elementor-widget-container\">\n\t\t\t\t\t\t\t\t\t\t\t\t\t\t\t<img fetchpriority=\"high\" decoding=\"async\" width=\"1024\" height=\"768\" src=\"https:\/\/lebenshilfe-kuh-und-co.de\/wp-content\/uploads\/2023\/11\/peterle-1024x768.jpg\" class=\"attachment-large size-large wp-image-2835\" alt=\"Die Geschichte von Peterle\" srcset=\"https:\/\/lebenshilfe-kuh-und-co.de\/wp-content\/uploads\/2023\/11\/peterle-1024x768.jpg 1024w, https:\/\/lebenshilfe-kuh-und-co.de\/wp-content\/uploads\/2023\/11\/peterle-300x225.jpg 300w, https:\/\/lebenshilfe-kuh-und-co.de\/wp-content\/uploads\/2023\/11\/peterle-768x576.jpg 768w, https:\/\/lebenshilfe-kuh-und-co.de\/wp-content\/uploads\/2023\/11\/peterle-1536x1152.jpg 1536w, https:\/\/lebenshilfe-kuh-und-co.de\/wp-content\/uploads\/2023\/11\/peterle.jpg 1600w\" sizes=\"(max-width: 1024px) 100vw, 1024px\" \/>\t\t\t\t\t\t\t\t\t\t\t\t\t\t\t<\/div>\n\t\t\t\t<\/div>\n\t\t\t\t\t<\/div>\n\t\t<\/div>\n\t\t\t\t<div class=\"elementor-column elementor-col-50 elementor-top-column elementor-element elementor-element-56c7ad26\" data-id=\"56c7ad26\" data-element_type=\"column\" data-e-type=\"column\">\n\t\t\t<div class=\"elementor-widget-wrap elementor-element-populated\">\n\t\t\t\t\t\t<div class=\"elementor-element elementor-element-6d9c8bd8 elementor-widget elementor-widget-heading\" data-id=\"6d9c8bd8\" data-element_type=\"widget\" data-e-type=\"widget\" data-widget_type=\"heading.default\">\n\t\t\t\t<div class=\"elementor-widget-container\">\n\t\t\t\t\t<h2 class=\"elementor-heading-title elementor-size-default\">Peterle<\/h2>\t\t\t\t<\/div>\n\t\t\t\t<\/div>\n\t\t\t\t<div class=\"elementor-element elementor-element-488d64b0 elementor-widget elementor-widget-text-editor\" data-id=\"488d64b0\" data-element_type=\"widget\" data-e-type=\"widget\" data-widget_type=\"text-editor.default\">\n\t\t\t\t<div class=\"elementor-widget-container\">\n\t\t\t\t\t\t\t\t\t<p>Genau wie Romeo wurde Peterle vor 4 Jahren auf dem Hof in Albstadt geboren, nachdem ihre Familien von jenem schrecklichen Hof in der N\u00e4he von Balingen gerettet wurden.<\/p>\n<p>Von Anfang an hatte er eine besonders enge Bindung zu seiner lieben Mama, Emma. Sie war f\u00fcr ihn alles, und er hing sehr an ihr. Als K\u00e4lbchen war er \u00e4u\u00dferst sch\u00fcchtern und zur\u00fcckhaltend. Die Welt um ihn herum war gro\u00df und manchmal auch be\u00e4ngstigend, aber Emma war immer da, um ihn zu besch\u00fctzen und zu tr\u00f6sten.<\/p>\t\t\t\t\t\t\t\t<\/div>\n\t\t\t\t<\/div>\n\t\t\t\t\t<\/div>\n\t\t<\/div>\n\t\t\t\t\t<\/div>\n\t\t<\/section>\n\t\t<div class=\"elementor-element elementor-element-401e3ba e-flex e-con-boxed e-con e-parent\" data-id=\"401e3ba\" data-element_type=\"container\" data-e-type=\"container\">\n\t\t\t\t\t<div class=\"e-con-inner\">\n\t\t\t\t<div class=\"elementor-element elementor-element-27918635 elementor-widget elementor-widget-text-editor\" data-id=\"27918635\" data-element_type=\"widget\" data-e-type=\"widget\" data-widget_type=\"text-editor.default\">\n\t\t\t\t<div class=\"elementor-widget-container\">\n\t\t\t\t\t\t\t\t\t<p>Gemeinsam wuchsen die K\u00e4lbchen &#8211; Rocky, Heiko und er &#8211; beh\u00fctet und liebevoll auf. Ihre M\u00fctter k\u00fcmmerten sich r\u00fchrend um sie, und sie entwickelten eine starke Bindung zueinander. Sie waren wie eine kleine Familie und hatten viel Spa\u00df beim Spielen und Herumtollen auf der Weide.<\/p><p>Mit der Zeit legte sich seine Sch\u00fcchternheit langsam. Er wurde neugieriger und wagte sich auch mal weiter von seiner Mama weg, um die Umgebung zu erkunden.<\/p><p>\u00a0<\/p><p>Doch das Schicksal hatte auch seine Schattenseiten. Letztes Jahr verlor er seine geliebte Mama Emma. Ihr Tod war ein gro\u00dfer Verlust f\u00fcr ihn, und er trauerte um sie. Aber er wusste, dass sie immer in seinem Herzen sein w\u00fcrde und dass er ihre Liebe und F\u00fcrsorge nie vergessen w\u00fcrde.<\/p><p>Trotz allem gab ihm die Unterst\u00fctzung seiner Freunde Rocky und Heiko Kraft, mit dem Verlust umzugehen. Sie halfen einander, und ihre Freundschaft war ein gro\u00dfer Trost f\u00fcr ihn.<\/p>\t\t\t\t\t\t\t\t<\/div>\n\t\t\t\t<\/div>\n\t\t\t\t\t<\/div>\n\t\t\t\t<\/div>\n\t\t<div class=\"elementor-element elementor-element-85ccfd1 e-flex e-con-boxed e-con e-parent\" data-id=\"85ccfd1\" data-element_type=\"container\" data-e-type=\"container\">\n\t\t\t\t\t<div class=\"e-con-inner\">\n\t\t<div class=\"elementor-element elementor-element-b6dbb5a e-con-full e-flex e-con e-child\" data-id=\"b6dbb5a\" data-element_type=\"container\" data-e-type=\"container\">\n\t\t\t\t<div class=\"elementor-element elementor-element-0e74976 elementor-widget elementor-widget-image\" data-id=\"0e74976\" data-element_type=\"widget\" data-e-type=\"widget\" data-widget_type=\"image.default\">\n\t\t\t\t<div class=\"elementor-widget-container\">\n\t\t\t\t\t\t\t\t\t\t\t\t\t\t\t<img fetchpriority=\"high\" decoding=\"async\" width=\"1024\" height=\"768\" src=\"https:\/\/lebenshilfe-kuh-und-co.de\/wp-content\/uploads\/2023\/11\/peterle-1024x768.jpg\" class=\"attachment-large size-large wp-image-2835\" alt=\"Die Geschichte von Peterle\" srcset=\"https:\/\/lebenshilfe-kuh-und-co.de\/wp-content\/uploads\/2023\/11\/peterle-1024x768.jpg 1024w, https:\/\/lebenshilfe-kuh-und-co.de\/wp-content\/uploads\/2023\/11\/peterle-300x225.jpg 300w, https:\/\/lebenshilfe-kuh-und-co.de\/wp-content\/uploads\/2023\/11\/peterle-768x576.jpg 768w, https:\/\/lebenshilfe-kuh-und-co.de\/wp-content\/uploads\/2023\/11\/peterle-1536x1152.jpg 1536w, https:\/\/lebenshilfe-kuh-und-co.de\/wp-content\/uploads\/2023\/11\/peterle.jpg 1600w\" sizes=\"(max-width: 1024px) 100vw, 1024px\" \/>\t\t\t\t\t\t\t\t\t\t\t\t\t\t\t<\/div>\n\t\t\t\t<\/div>\n\t\t\t\t<\/div>\n\t\t<div class=\"elementor-element elementor-element-0a10067 e-con-full e-flex e-con e-child\" data-id=\"0a10067\" data-element_type=\"container\" data-e-type=\"container\">\n\t\t\t\t<div class=\"elementor-element elementor-element-895cbf8 elementor-widget elementor-widget-image\" data-id=\"895cbf8\" data-element_type=\"widget\" data-e-type=\"widget\" data-widget_type=\"image.default\">\n\t\t\t\t<div class=\"elementor-widget-container\">\n\t\t\t\t\t\t\t\t\t\t\t\t\t\t\t<img decoding=\"async\" width=\"1024\" height=\"576\" src=\"https:\/\/lebenshilfe-kuh-und-co.de\/wp-content\/uploads\/2023\/11\/peterle2-1024x576.jpg\" class=\"attachment-large size-large wp-image-2836\" alt=\"Die Geschichte von Peterle. K\u00e4lbchen\" srcset=\"https:\/\/lebenshilfe-kuh-und-co.de\/wp-content\/uploads\/2023\/11\/peterle2-1024x576.jpg 1024w, https:\/\/lebenshilfe-kuh-und-co.de\/wp-content\/uploads\/2023\/11\/peterle2-300x169.jpg 300w, https:\/\/lebenshilfe-kuh-und-co.de\/wp-content\/uploads\/2023\/11\/peterle2-768x432.jpg 768w, https:\/\/lebenshilfe-kuh-und-co.de\/wp-content\/uploads\/2023\/11\/peterle2-1536x864.jpg 1536w, https:\/\/lebenshilfe-kuh-und-co.de\/wp-content\/uploads\/2023\/11\/peterle2.jpg 1600w\" sizes=\"(max-width: 1024px) 100vw, 1024px\" \/>\t\t\t\t\t\t\t\t\t\t\t\t\t\t\t<\/div>\n\t\t\t\t<\/div>\n\t\t\t\t<\/div>\n\t\t\t\t\t<\/div>\n\t\t\t\t<\/div>\n\t\t\t\t<section class=\"elementor-section elementor-top-section elementor-element elementor-element-41611486 elementor-section-content-middle elementor-section-boxed elementor-section-height-default elementor-section-height-default\" data-id=\"41611486\" data-element_type=\"section\" data-e-type=\"section\" data-settings=\"{&quot;background_background&quot;:&quot;classic&quot;}\">\n\t\t\t\t\t\t<div class=\"elementor-container elementor-column-gap-default\">\n\t\t\t\t\t<div class=\"elementor-column elementor-col-100 elementor-top-column elementor-element elementor-element-3e12d924\" data-id=\"3e12d924\" data-element_type=\"column\" data-e-type=\"column\">\n\t\t\t<div class=\"elementor-widget-wrap elementor-element-populated\">\n\t\t\t\t\t\t<div class=\"elementor-element elementor-element-257725f0 elementor-widget elementor-widget-heading\" data-id=\"257725f0\" data-element_type=\"widget\" data-e-type=\"widget\" data-widget_type=\"heading.default\">\n\t\t\t\t<div class=\"elementor-widget-container\">\n\t\t\t\t\t<h2 class=\"elementor-heading-title elementor-size-default\">Unterst\u00fctze unsere Mission<\/h2>\t\t\t\t<\/div>\n\t\t\t\t<\/div>\n\t\t\t\t<div class=\"elementor-element elementor-element-74a1c891 elementor-widget elementor-widget-text-editor\" data-id=\"74a1c891\" data-element_type=\"widget\" data-e-type=\"widget\" data-widget_type=\"text-editor.default\">\n\t\t\t\t<div class=\"elementor-widget-container\">\n\t\t\t\t\t\t\t\t\t<p>Du m\u00f6chtest uns unterst\u00fctzen? Dazu gibt es viele M\u00f6glichkeiten. Von Spenden, Patenschaften \u00fcber eine Vereinsmitgliedschaft. Wir sind f\u00fcr jegliche Unterst\u00fctzung dankbar.<\/p>\t\t\t\t\t\t\t\t<\/div>\n\t\t\t\t<\/div>\n\t\t\t\t<div class=\"elementor-element elementor-element-4071081d elementor-align-center elementor-widget elementor-widget-button\" data-id=\"4071081d\" data-element_type=\"widget\" data-e-type=\"widget\" data-widget_type=\"button.default\">\n\t\t\t\t<div class=\"elementor-widget-container\">\n\t\t\t\t\t\t\t\t\t<div class=\"elementor-button-wrapper\">\n\t\t\t\t\t<a class=\"elementor-button elementor-button-link elementor-size-sm\" href=\"https:\/\/lebenshilfe-kuh-und-co.de\/index.php\/wie-kann-ich-helfen\/\">\n\t\t\t\t\t\t<span class=\"elementor-button-content-wrapper\">\n\t\t\t\t\t\t\t\t\t<span class=\"elementor-button-text\">Ja ich m\u00f6chte helfen<\/span>\n\t\t\t\t\t<\/span>\n\t\t\t\t\t<\/a>\n\t\t\t\t<\/div>\n\t\t\t\t\t\t\t\t<\/div>\n\t\t\t\t<\/div>\n\t\t\t\t\t<\/div>\n\t\t<\/div>\n\t\t\t\t\t<\/div>\n\t\t<\/section>\n\t\t\t\t<\/div>\n\t\t","protected":false},"excerpt":{"rendered":"<p>Peterle Genau wie Romeo wurde Peterle vor 4 Jahren auf dem Hof in Albstadt geboren, nachdem ihre Familien von jenem schrecklichen Hof in der N\u00e4he von Balingen gerettet wurden. Von Anfang an hatte er eine besonders enge Bindung zu seiner lieben Mama, Emma. Sie war f\u00fcr ihn alles, und er hing sehr an ihr. Als &hellip;<\/p>\n<p class=\"read-more\"> <a class=\"\" href=\"https:\/\/lebenshilfe-kuh-und-co.de\/index.php\/die-geschichte-von-peterle\/\"> <span class=\"screen-reader-text\">Peterle<\/span> Weiterlesen &raquo;<\/a><\/p>\n","protected":false},"author":1,"featured_media":0,"parent":0,"menu_order":0,"comment_status":"closed","ping_status":"closed","template":"","meta":{"site-sidebar-layout":"no-sidebar","site-content-layout":"page-builder","ast-site-content-layout":"full-width-container","site-content-style":"default","site-sidebar-style":"default","ast-global-header-display":"","ast-banner-title-visibility":"","ast-main-header-display":"","ast-hfb-above-header-display":"","ast-hfb-below-header-display":"","ast-hfb-mobile-header-display":"","site-post-title":"disabled","ast-breadcrumbs-content":"","ast-featured-img":"disabled","footer-sml-layout":"","theme-transparent-header-meta":"","adv-header-id-meta":"","stick-header-meta":"","header-above-stick-meta":"","header-main-stick-meta":"","header-below-stick-meta":"","astra-migrate-meta-layouts":"set","footnotes":""},"class_list":["post-2829","page","type-page","status-publish","hentry"],"yoast_head":"<!-- This site is optimized with the Yoast SEO plugin v21.5 - https:\/\/yoast.com\/wordpress\/plugins\/seo\/ -->\n<title>Die Geschichte von Peterle - Lebenshilfe Kuh und Co e.V.<\/title>\n<meta name=\"description\" content=\"Erfahre die Geschichte von Peterle, der genauso wie Romeo in Freiheit geboren wurde nach der gro\u00dfen Rettung der Hinterw\u00e4lder Herde.\" \/>\n<meta name=\"robots\" content=\"index, follow, max-snippet:-1, max-image-preview:large, max-video-preview:-1\" \/>\n<link rel=\"canonical\" href=\"https:\/\/lebenshilfe-kuh-und-co.de\/index.php\/die-geschichte-von-peterle\/\" \/>\n<meta property=\"og:locale\" content=\"de_DE\" \/>\n<meta property=\"og:type\" content=\"article\" \/>\n<meta property=\"og:title\" content=\"Die Geschichte von Peterle - Lebenshilfe Kuh und Co e.V.\" \/>\n<meta property=\"og:description\" content=\"Erfahre die Geschichte von Peterle, der genauso wie Romeo in Freiheit geboren wurde nach der gro\u00dfen Rettung der Hinterw\u00e4lder Herde.\" \/>\n<meta property=\"og:url\" content=\"https:\/\/lebenshilfe-kuh-und-co.de\/index.php\/die-geschichte-von-peterle\/\" \/>\n<meta property=\"og:site_name\" content=\"Lebenshilfe Kuh und Co e.V.\" \/>\n<meta property=\"article:publisher\" content=\"https:\/\/www.facebook.com\/lebenshilfekuhundco\" \/>\n<meta property=\"article:modified_time\" content=\"2023-12-06T12:06:59+00:00\" \/>\n<meta property=\"og:image\" content=\"https:\/\/lebenshilfe-kuh-und-co.de\/wp-content\/uploads\/2023\/11\/peterle-1024x768.jpg\" \/>\n<meta name=\"twitter:card\" content=\"summary_large_image\" \/>\n<meta name=\"twitter:label1\" content=\"Gesch\u00e4tzte Lesezeit\" \/>\n\t<meta name=\"twitter:data1\" content=\"3\u00a0Minuten\" \/>\n<script type=\"application\/ld+json\" class=\"yoast-schema-graph\">{\"@context\":\"https:\/\/schema.org\",\"@graph\":[{\"@type\":\"WebPage\",\"@id\":\"https:\/\/lebenshilfe-kuh-und-co.de\/index.php\/die-geschichte-von-peterle\/\",\"url\":\"https:\/\/lebenshilfe-kuh-und-co.de\/index.php\/die-geschichte-von-peterle\/\",\"name\":\"Die Geschichte von Peterle - Lebenshilfe Kuh und Co e.V.\",\"isPartOf\":{\"@id\":\"https:\/\/lebenshilfe-kuh-und-co.de\/#website\"},\"datePublished\":\"2023-11-28T16:04:10+00:00\",\"dateModified\":\"2023-12-06T12:06:59+00:00\",\"description\":\"Erfahre die Geschichte von Peterle, der genauso wie Romeo in Freiheit geboren wurde nach der gro\u00dfen Rettung der Hinterw\u00e4lder Herde.\",\"breadcrumb\":{\"@id\":\"https:\/\/lebenshilfe-kuh-und-co.de\/index.php\/die-geschichte-von-peterle\/#breadcrumb\"},\"inLanguage\":\"de\",\"potentialAction\":[{\"@type\":\"ReadAction\",\"target\":[\"https:\/\/lebenshilfe-kuh-und-co.de\/index.php\/die-geschichte-von-peterle\/\"]}]},{\"@type\":\"BreadcrumbList\",\"@id\":\"https:\/\/lebenshilfe-kuh-und-co.de\/index.php\/die-geschichte-von-peterle\/#breadcrumb\",\"itemListElement\":[{\"@type\":\"ListItem\",\"position\":1,\"name\":\"Home\",\"item\":\"https:\/\/lebenshilfe-kuh-und-co.de\/\"},{\"@type\":\"ListItem\",\"position\":2,\"name\":\"Peterle\"}]},{\"@type\":\"WebSite\",\"@id\":\"https:\/\/lebenshilfe-kuh-und-co.de\/#website\",\"url\":\"https:\/\/lebenshilfe-kuh-und-co.de\/\",\"name\":\"Lebenshilfe Kuh und Co e.V.\",\"description\":\"Gemeinsam ein Licht in die St\u00e4lle tragen\",\"publisher\":{\"@id\":\"https:\/\/lebenshilfe-kuh-und-co.de\/#organization\"},\"potentialAction\":[{\"@type\":\"SearchAction\",\"target\":{\"@type\":\"EntryPoint\",\"urlTemplate\":\"https:\/\/lebenshilfe-kuh-und-co.de\/?s={search_term_string}\"},\"query-input\":\"required name=search_term_string\"}],\"inLanguage\":\"de\"},{\"@type\":\"Organization\",\"@id\":\"https:\/\/lebenshilfe-kuh-und-co.de\/#organization\",\"name\":\"Lebenshilfe Kuh und Co e.V.\",\"url\":\"https:\/\/lebenshilfe-kuh-und-co.de\/\",\"logo\":{\"@type\":\"ImageObject\",\"inLanguage\":\"de\",\"@id\":\"https:\/\/lebenshilfe-kuh-und-co.de\/#\/schema\/logo\/image\/\",\"url\":\"https:\/\/lebenshilfe-kuh-und-co.de\/wp-content\/uploads\/2023\/10\/cropped-cropped-lebenshilfe-logo.png\",\"contentUrl\":\"https:\/\/lebenshilfe-kuh-und-co.de\/wp-content\/uploads\/2023\/10\/cropped-cropped-lebenshilfe-logo.png\",\"width\":451,\"height\":164,\"caption\":\"Lebenshilfe Kuh und Co e.V.\"},\"image\":{\"@id\":\"https:\/\/lebenshilfe-kuh-und-co.de\/#\/schema\/logo\/image\/\"},\"sameAs\":[\"https:\/\/www.facebook.com\/lebenshilfekuhundco\",\"https:\/\/www.instagram.com\/lebenshilfekuhundcoev\/\"]}]}<\/script>\n<!-- \/ Yoast SEO plugin. -->","yoast_head_json":{"title":"Die Geschichte von Peterle - Lebenshilfe Kuh und Co e.V.","description":"Erfahre die Geschichte von Peterle, der genauso wie Romeo in Freiheit geboren wurde nach der gro\u00dfen Rettung der Hinterw\u00e4lder Herde.","robots":{"index":"index","follow":"follow","max-snippet":"max-snippet:-1","max-image-preview":"max-image-preview:large","max-video-preview":"max-video-preview:-1"},"canonical":"https:\/\/lebenshilfe-kuh-und-co.de\/index.php\/die-geschichte-von-peterle\/","og_locale":"de_DE","og_type":"article","og_title":"Die Geschichte von Peterle - Lebenshilfe Kuh und Co e.V.","og_description":"Erfahre die Geschichte von Peterle, der genauso wie Romeo in Freiheit geboren wurde nach der gro\u00dfen Rettung der Hinterw\u00e4lder Herde.","og_url":"https:\/\/lebenshilfe-kuh-und-co.de\/index.php\/die-geschichte-von-peterle\/","og_site_name":"Lebenshilfe Kuh und Co e.V.","article_publisher":"https:\/\/www.facebook.com\/lebenshilfekuhundco","article_modified_time":"2023-12-06T12:06:59+00:00","og_image":[{"url":"https:\/\/lebenshilfe-kuh-und-co.de\/wp-content\/uploads\/2023\/11\/peterle-1024x768.jpg"}],"twitter_card":"summary_large_image","twitter_misc":{"Gesch\u00e4tzte Lesezeit":"3\u00a0Minuten"},"schema":{"@context":"https:\/\/schema.org","@graph":[{"@type":"WebPage","@id":"https:\/\/lebenshilfe-kuh-und-co.de\/index.php\/die-geschichte-von-peterle\/","url":"https:\/\/lebenshilfe-kuh-und-co.de\/index.php\/die-geschichte-von-peterle\/","name":"Die Geschichte von Peterle - Lebenshilfe Kuh und Co e.V.","isPartOf":{"@id":"https:\/\/lebenshilfe-kuh-und-co.de\/#website"},"datePublished":"2023-11-28T16:04:10+00:00","dateModified":"2023-12-06T12:06:59+00:00","description":"Erfahre die Geschichte von Peterle, der genauso wie Romeo in Freiheit geboren wurde nach der gro\u00dfen Rettung der Hinterw\u00e4lder Herde.","breadcrumb":{"@id":"https:\/\/lebenshilfe-kuh-und-co.de\/index.php\/die-geschichte-von-peterle\/#breadcrumb"},"inLanguage":"de","potentialAction":[{"@type":"ReadAction","target":["https:\/\/lebenshilfe-kuh-und-co.de\/index.php\/die-geschichte-von-peterle\/"]}]},{"@type":"BreadcrumbList","@id":"https:\/\/lebenshilfe-kuh-und-co.de\/index.php\/die-geschichte-von-peterle\/#breadcrumb","itemListElement":[{"@type":"ListItem","position":1,"name":"Home","item":"https:\/\/lebenshilfe-kuh-und-co.de\/"},{"@type":"ListItem","position":2,"name":"Peterle"}]},{"@type":"WebSite","@id":"https:\/\/lebenshilfe-kuh-und-co.de\/#website","url":"https:\/\/lebenshilfe-kuh-und-co.de\/","name":"Lebenshilfe Kuh und Co e.V.","description":"Gemeinsam ein Licht in die St\u00e4lle tragen","publisher":{"@id":"https:\/\/lebenshilfe-kuh-und-co.de\/#organization"},"potentialAction":[{"@type":"SearchAction","target":{"@type":"EntryPoint","urlTemplate":"https:\/\/lebenshilfe-kuh-und-co.de\/?s={search_term_string}"},"query-input":"required name=search_term_string"}],"inLanguage":"de"},{"@type":"Organization","@id":"https:\/\/lebenshilfe-kuh-und-co.de\/#organization","name":"Lebenshilfe Kuh und Co e.V.","url":"https:\/\/lebenshilfe-kuh-und-co.de\/","logo":{"@type":"ImageObject","inLanguage":"de","@id":"https:\/\/lebenshilfe-kuh-und-co.de\/#\/schema\/logo\/image\/","url":"https:\/\/lebenshilfe-kuh-und-co.de\/wp-content\/uploads\/2023\/10\/cropped-cropped-lebenshilfe-logo.png","contentUrl":"https:\/\/lebenshilfe-kuh-und-co.de\/wp-content\/uploads\/2023\/10\/cropped-cropped-lebenshilfe-logo.png","width":451,"height":164,"caption":"Lebenshilfe Kuh und Co e.V."},"image":{"@id":"https:\/\/lebenshilfe-kuh-und-co.de\/#\/schema\/logo\/image\/"},"sameAs":["https:\/\/www.facebook.com\/lebenshilfekuhundco","https:\/\/www.instagram.com\/lebenshilfekuhundcoev\/"]}]}},"_links":{"self":[{"href":"https:\/\/lebenshilfe-kuh-und-co.de\/index.php\/wp-json\/wp\/v2\/pages\/2829","targetHints":{"allow":["GET"]}}],"collection":[{"href":"https:\/\/lebenshilfe-kuh-und-co.de\/index.php\/wp-json\/wp\/v2\/pages"}],"about":[{"href":"https:\/\/lebenshilfe-kuh-und-co.de\/index.php\/wp-json\/wp\/v2\/types\/page"}],"author":[{"embeddable":true,"href":"https:\/\/lebenshilfe-kuh-und-co.de\/index.php\/wp-json\/wp\/v2\/users\/1"}],"replies":[{"embeddable":true,"href":"https:\/\/lebenshilfe-kuh-und-co.de\/index.php\/wp-json\/wp\/v2\/comments?post=2829"}],"version-history":[{"count":17,"href":"https:\/\/lebenshilfe-kuh-und-co.de\/index.php\/wp-json\/wp\/v2\/pages\/2829\/revisions"}],"predecessor-version":[{"id":3520,"href":"https:\/\/lebenshilfe-kuh-und-co.de\/index.php\/wp-json\/wp\/v2\/pages\/2829\/revisions\/3520"}],"wp:attachment":[{"href":"https:\/\/lebenshilfe-kuh-und-co.de\/index.php\/wp-json\/wp\/v2\/media?parent=2829"}],"curies":[{"name":"wp","href":"https:\/\/api.w.org\/{rel}","templated":true}]}}