{"id":2859,"date":"2023-11-29T08:08:08","date_gmt":"2023-11-29T08:08:08","guid":{"rendered":"https:\/\/new.lebenshilfe-kuh-und-co.de\/?page_id=2859"},"modified":"2023-12-06T12:07:55","modified_gmt":"2023-12-06T12:07:55","slug":"die-geschichte-von-ruben","status":"publish","type":"page","link":"https:\/\/lebenshilfe-kuh-und-co.de\/index.php\/die-geschichte-von-ruben\/","title":{"rendered":"Ruben"},"content":{"rendered":"\t\t<div data-elementor-type=\"wp-page\" data-elementor-id=\"2859\" class=\"elementor elementor-2859\">\n\t\t\t\t\t\t<section class=\"elementor-section elementor-top-section elementor-element elementor-element-325c845b animated-slow elementor-section-boxed elementor-section-height-default elementor-section-height-default elementor-invisible\" data-id=\"325c845b\" data-element_type=\"section\" data-e-type=\"section\" data-settings=\"{&quot;animation&quot;:&quot;fadeIn&quot;}\">\n\t\t\t\t\t\t<div class=\"elementor-container elementor-column-gap-wide\">\n\t\t\t\t\t<div class=\"elementor-column elementor-col-50 elementor-top-column elementor-element elementor-element-43543bab elementor-invisible\" data-id=\"43543bab\" data-element_type=\"column\" data-e-type=\"column\" data-settings=\"{&quot;animation&quot;:&quot;fadeIn&quot;}\">\n\t\t\t<div class=\"elementor-widget-wrap elementor-element-populated\">\n\t\t\t\t\t\t<div class=\"elementor-element elementor-element-9bbd795 elementor-widget elementor-widget-image\" data-id=\"9bbd795\" data-element_type=\"widget\" data-e-type=\"widget\" data-widget_type=\"image.default\">\n\t\t\t\t<div class=\"elementor-widget-container\">\n\t\t\t\t\t\t\t\t\t\t\t\t\t\t\t<img fetchpriority=\"high\" decoding=\"async\" width=\"800\" height=\"821\" src=\"https:\/\/lebenshilfe-kuh-und-co.de\/wp-content\/uploads\/2023\/11\/walther-2.jpg\" class=\"attachment-large size-large wp-image-2417\" alt=\"Die Geschichte von Ruben\" srcset=\"https:\/\/lebenshilfe-kuh-und-co.de\/wp-content\/uploads\/2023\/11\/walther-2.jpg 800w, https:\/\/lebenshilfe-kuh-und-co.de\/wp-content\/uploads\/2023\/11\/walther-2-292x300.jpg 292w, https:\/\/lebenshilfe-kuh-und-co.de\/wp-content\/uploads\/2023\/11\/walther-2-768x788.jpg 768w\" sizes=\"(max-width: 800px) 100vw, 800px\" \/>\t\t\t\t\t\t\t\t\t\t\t\t\t\t\t<\/div>\n\t\t\t\t<\/div>\n\t\t\t\t\t<\/div>\n\t\t<\/div>\n\t\t\t\t<div class=\"elementor-column elementor-col-50 elementor-top-column elementor-element elementor-element-1a8adf1a\" data-id=\"1a8adf1a\" data-element_type=\"column\" data-e-type=\"column\">\n\t\t\t<div class=\"elementor-widget-wrap elementor-element-populated\">\n\t\t\t\t\t\t<div class=\"elementor-element elementor-element-637e7755 elementor-widget elementor-widget-heading\" data-id=\"637e7755\" data-element_type=\"widget\" data-e-type=\"widget\" data-widget_type=\"heading.default\">\n\t\t\t\t<div class=\"elementor-widget-container\">\n\t\t\t\t\t<h2 class=\"elementor-heading-title elementor-size-default\">Ruben - Gl\u00fcck im Ungl\u00fcck<\/h2>\t\t\t\t<\/div>\n\t\t\t\t<\/div>\n\t\t\t\t<div class=\"elementor-element elementor-element-7da6d8aa elementor-widget elementor-widget-text-editor\" data-id=\"7da6d8aa\" data-element_type=\"widget\" data-e-type=\"widget\" data-widget_type=\"text-editor.default\">\n\t\t\t\t<div class=\"elementor-widget-container\">\n\t\t\t\t\t\t\t\t\t<p class=\"MsoNormal\">Ruben sollte eigentlich nur wenige Tage vor seinem Schlachttermin stehen. Doch das Schicksal hatte andere Pl\u00e4ne f\u00fcr ihn. Drei Tage vor seinem traurigen Ende rutschte er auf einer Mischung aus G\u00fclle und Mist aus \u2013 eine Situation, die nicht nur schmerzhaft war, sondern auch durch eine defekte Pumpe und leere Wassern\u00e4pfe versch\u00e4rft wurde.<\/p><p>\u00a0<\/p><p class=\"MsoNormal\">In diesem Moment des Leidens wurde Ruben von unserem engagierten Team entdeckt. Ohne zu z\u00f6gern begannen wir, uns um ihn zu k\u00fcmmern. Die n\u00e4chsten 8 Wochen waren gepr\u00e4gt von intensiver Pflege, medizinischer Versorgung und vor allem von bedingungsloser Liebe. Ruben k\u00e4mpfte sich zur\u00fcck ins Leben, und wir durften Zeuge seiner erstaunlichen Genesung werden.<\/p>\t\t\t\t\t\t\t\t<\/div>\n\t\t\t\t<\/div>\n\t\t\t\t\t<\/div>\n\t\t<\/div>\n\t\t\t\t\t<\/div>\n\t\t<\/section>\n\t\t<div class=\"elementor-element elementor-element-254c1983 animated-slow e-flex e-con-boxed elementor-invisible e-con e-parent\" data-id=\"254c1983\" data-element_type=\"container\" data-e-type=\"container\" data-settings=\"{&quot;animation&quot;:&quot;fadeIn&quot;}\">\n\t\t\t\t\t<div class=\"e-con-inner\">\n\t\t\t\t<div class=\"elementor-element elementor-element-4a52f632 elementor-widget elementor-widget-text-editor\" data-id=\"4a52f632\" data-element_type=\"widget\" data-e-type=\"widget\" data-widget_type=\"text-editor.default\">\n\t\t\t\t<div class=\"elementor-widget-container\">\n\t\t\t\t\t\t\t\t\t<p>Heute wohnt Ruben zusammen mit seinen Freunden Walther, Jimmy, Linda &amp; Co auf dem wundersch\u00f6nen Hof in Mahlstetten. Hier fand er nicht nur ein liebevolles Zuhause, sondern auch die M\u00f6glichkeit, ein Leben in Freiheit und W\u00fcrde zu f\u00fchren. Auf den weitl\u00e4ufigen Weiden konnte er seine nat\u00fcrlichen Instinkte ausleben, und in der Gemeinschaft mit anderen geretteten Tieren fand er echte Freundschaft.<\/p>\t\t\t\t\t\t\t\t<\/div>\n\t\t\t\t<\/div>\n\t\t\t\t\t<\/div>\n\t\t\t\t<\/div>\n\t\t<div class=\"elementor-element elementor-element-45a63178 animated-slow e-flex e-con-boxed elementor-invisible e-con e-parent\" data-id=\"45a63178\" data-element_type=\"container\" data-e-type=\"container\" data-settings=\"{&quot;animation&quot;:&quot;fadeIn&quot;}\">\n\t\t\t\t\t<div class=\"e-con-inner\">\n\t\t\t\t<div class=\"elementor-element elementor-element-5950a431 elementor-arrows-position-outside elementor-pagination-position-outside elementor-widget elementor-widget-image-carousel\" data-id=\"5950a431\" data-element_type=\"widget\" data-e-type=\"widget\" data-settings=\"{&quot;slides_to_show&quot;:&quot;3&quot;,&quot;slides_to_scroll&quot;:&quot;3&quot;,&quot;navigation&quot;:&quot;both&quot;,&quot;autoplay&quot;:&quot;yes&quot;,&quot;pause_on_hover&quot;:&quot;yes&quot;,&quot;pause_on_interaction&quot;:&quot;yes&quot;,&quot;autoplay_speed&quot;:5000,&quot;infinite&quot;:&quot;yes&quot;,&quot;speed&quot;:500}\" data-widget_type=\"image-carousel.default\">\n\t\t\t\t<div class=\"elementor-widget-container\">\n\t\t\t\t\t\t\t<div class=\"elementor-image-carousel-wrapper swiper\" role=\"region\" aria-roledescription=\"carousel\" aria-label=\"Bilderkarussell\" dir=\"ltr\">\n\t\t\t<div class=\"elementor-image-carousel swiper-wrapper\" aria-live=\"off\">\n\t\t\t\t\t\t\t\t<div class=\"swiper-slide\" role=\"group\" aria-roledescription=\"slide\" aria-label=\"1 von 4\"><figure class=\"swiper-slide-inner\"><img decoding=\"async\" class=\"swiper-slide-image\" src=\"https:\/\/lebenshilfe-kuh-und-co.de\/wp-content\/uploads\/2023\/11\/ruben-vorher2-300x234.jpg\" alt=\"Die Geschichte von Ruben\" \/><figcaption class=\"elementor-image-carousel-caption\">Ruben vorher<\/figcaption><\/figure><\/div><div class=\"swiper-slide\" role=\"group\" aria-roledescription=\"slide\" aria-label=\"2 von 4\"><figure class=\"swiper-slide-inner\"><img decoding=\"async\" class=\"swiper-slide-image\" src=\"https:\/\/lebenshilfe-kuh-und-co.de\/wp-content\/uploads\/2023\/11\/ruben-schlafend-300x234.jpg\" alt=\"Die Geschichte von Ruben\" \/><figcaption class=\"elementor-image-carousel-caption\">Ruben macht ein Nickerchen<\/figcaption><\/figure><\/div><div class=\"swiper-slide\" role=\"group\" aria-roledescription=\"slide\" aria-label=\"3 von 4\"><figure class=\"swiper-slide-inner\"><img decoding=\"async\" class=\"swiper-slide-image\" src=\"https:\/\/lebenshilfe-kuh-und-co.de\/wp-content\/uploads\/2023\/11\/walther-300x234.jpg\" alt=\"Ruben auf dem Hof in Mahlstetten\" \/><figcaption class=\"elementor-image-carousel-caption\">Ruben auf dem Hof in Mahlstetten<\/figcaption><\/figure><\/div><div class=\"swiper-slide\" role=\"group\" aria-roledescription=\"slide\" aria-label=\"4 von 4\"><figure class=\"swiper-slide-inner\"><img decoding=\"async\" class=\"swiper-slide-image\" src=\"https:\/\/lebenshilfe-kuh-und-co.de\/wp-content\/uploads\/2023\/11\/walther-2-292x300.jpg\" alt=\"Die Geschichte von Ruben\" \/><figcaption class=\"elementor-image-carousel-caption\">Ruben<\/figcaption><\/figure><\/div>\t\t\t<\/div>\n\t\t\t\t\t\t\t\t\t\t\t\t<div class=\"elementor-swiper-button elementor-swiper-button-prev\" role=\"button\" tabindex=\"0\">\n\t\t\t\t\t\t<i aria-hidden=\"true\" class=\"eicon-chevron-left\"><\/i>\t\t\t\t\t<\/div>\n\t\t\t\t\t<div class=\"elementor-swiper-button elementor-swiper-button-next\" role=\"button\" tabindex=\"0\">\n\t\t\t\t\t\t<i aria-hidden=\"true\" class=\"eicon-chevron-right\"><\/i>\t\t\t\t\t<\/div>\n\t\t\t\t\n\t\t\t\t\t\t\t\t\t<div class=\"swiper-pagination\"><\/div>\n\t\t\t\t\t\t\t\t\t<\/div>\n\t\t\t\t\t\t<\/div>\n\t\t\t\t<\/div>\n\t\t\t\t\t<\/div>\n\t\t\t\t<\/div>\n\t\t\t\t<section class=\"elementor-section elementor-top-section elementor-element elementor-element-305e23e elementor-section-content-middle animated-slow elementor-section-boxed elementor-section-height-default elementor-section-height-default elementor-invisible\" data-id=\"305e23e\" data-element_type=\"section\" data-e-type=\"section\" data-settings=\"{&quot;background_background&quot;:&quot;classic&quot;,&quot;animation&quot;:&quot;fadeIn&quot;}\">\n\t\t\t\t\t\t<div class=\"elementor-container elementor-column-gap-default\">\n\t\t\t\t\t<div class=\"elementor-column elementor-col-100 elementor-top-column elementor-element elementor-element-792e0957\" data-id=\"792e0957\" data-element_type=\"column\" data-e-type=\"column\">\n\t\t\t<div class=\"elementor-widget-wrap elementor-element-populated\">\n\t\t\t\t\t\t<div class=\"elementor-element elementor-element-c5b82fd elementor-widget elementor-widget-heading\" data-id=\"c5b82fd\" data-element_type=\"widget\" data-e-type=\"widget\" data-widget_type=\"heading.default\">\n\t\t\t\t<div class=\"elementor-widget-container\">\n\t\t\t\t\t<h2 class=\"elementor-heading-title elementor-size-default\">Unterst\u00fctze unsere Mission<\/h2>\t\t\t\t<\/div>\n\t\t\t\t<\/div>\n\t\t\t\t<div class=\"elementor-element elementor-element-7b9dd995 elementor-widget elementor-widget-text-editor\" data-id=\"7b9dd995\" data-element_type=\"widget\" data-e-type=\"widget\" data-widget_type=\"text-editor.default\">\n\t\t\t\t<div class=\"elementor-widget-container\">\n\t\t\t\t\t\t\t\t\t<p>Du m\u00f6chtest uns unterst\u00fctzen? Dazu gibt es viele M\u00f6glichkeiten. Von Spenden, Patenschaften \u00fcber eine Vereinsmitgliedschaft. Wir sind f\u00fcr jegliche Unterst\u00fctzung dankbar.<\/p>\t\t\t\t\t\t\t\t<\/div>\n\t\t\t\t<\/div>\n\t\t\t\t<div class=\"elementor-element elementor-element-288b9665 elementor-align-center elementor-widget elementor-widget-button\" data-id=\"288b9665\" data-element_type=\"widget\" data-e-type=\"widget\" data-widget_type=\"button.default\">\n\t\t\t\t<div class=\"elementor-widget-container\">\n\t\t\t\t\t\t\t\t\t<div class=\"elementor-button-wrapper\">\n\t\t\t\t\t<a class=\"elementor-button elementor-button-link elementor-size-sm\" href=\"https:\/\/lebenshilfe-kuh-und-co.de\/index.php\/wie-kann-ich-helfen\/\">\n\t\t\t\t\t\t<span class=\"elementor-button-content-wrapper\">\n\t\t\t\t\t\t\t\t\t<span class=\"elementor-button-text\">Ja ich m\u00f6chte helfen<\/span>\n\t\t\t\t\t<\/span>\n\t\t\t\t\t<\/a>\n\t\t\t\t<\/div>\n\t\t\t\t\t\t\t\t<\/div>\n\t\t\t\t<\/div>\n\t\t\t\t\t<\/div>\n\t\t<\/div>\n\t\t\t\t\t<\/div>\n\t\t<\/section>\n\t\t\t\t<\/div>\n\t\t","protected":false},"excerpt":{"rendered":"<p>Ruben &#8211; Gl\u00fcck im Ungl\u00fcck Ruben sollte eigentlich nur wenige Tage vor seinem Schlachttermin stehen. Doch das Schicksal hatte andere Pl\u00e4ne f\u00fcr ihn. Drei Tage vor seinem traurigen Ende rutschte er auf einer Mischung aus G\u00fclle und Mist aus \u2013 eine Situation, die nicht nur schmerzhaft war, sondern auch durch eine defekte Pumpe und leere &hellip;<\/p>\n<p class=\"read-more\"> <a class=\"\" href=\"https:\/\/lebenshilfe-kuh-und-co.de\/index.php\/die-geschichte-von-ruben\/\"> <span class=\"screen-reader-text\">Ruben<\/span> Weiterlesen &raquo;<\/a><\/p>\n","protected":false},"author":1,"featured_media":0,"parent":0,"menu_order":0,"comment_status":"closed","ping_status":"closed","template":"","meta":{"site-sidebar-layout":"no-sidebar","site-content-layout":"page-builder","ast-site-content-layout":"full-width-container","site-content-style":"default","site-sidebar-style":"default","ast-global-header-display":"","ast-banner-title-visibility":"","ast-main-header-display":"","ast-hfb-above-header-display":"","ast-hfb-below-header-display":"","ast-hfb-mobile-header-display":"","site-post-title":"disabled","ast-breadcrumbs-content":"","ast-featured-img":"disabled","footer-sml-layout":"","theme-transparent-header-meta":"","adv-header-id-meta":"","stick-header-meta":"","header-above-stick-meta":"","header-main-stick-meta":"","header-below-stick-meta":"","astra-migrate-meta-layouts":"set","footnotes":""},"class_list":["post-2859","page","type-page","status-publish","hentry"],"yoast_head":"<!-- This site is optimized with the Yoast SEO plugin v21.5 - https:\/\/yoast.com\/wordpress\/plugins\/seo\/ -->\n<title>DIe Geschichte von Ruben - Lebenshilfe Kuh und Co e.V.<\/title>\n<meta name=\"description\" content=\"Erfahre die Geschichte von Ruben, der gro\u00dfes Gl\u00fcck im Ungl\u00fcck hatte. Er kam kurz vor seinem Schlachttermin zu uns.\" \/>\n<meta name=\"robots\" content=\"index, follow, max-snippet:-1, max-image-preview:large, max-video-preview:-1\" \/>\n<link rel=\"canonical\" href=\"https:\/\/lebenshilfe-kuh-und-co.de\/index.php\/die-geschichte-von-ruben\/\" \/>\n<meta property=\"og:locale\" content=\"de_DE\" \/>\n<meta property=\"og:type\" content=\"article\" \/>\n<meta property=\"og:title\" content=\"DIe Geschichte von Ruben - Lebenshilfe Kuh und Co e.V.\" \/>\n<meta property=\"og:description\" content=\"Erfahre die Geschichte von Ruben, der gro\u00dfes Gl\u00fcck im Ungl\u00fcck hatte. Er kam kurz vor seinem Schlachttermin zu uns.\" \/>\n<meta property=\"og:url\" content=\"https:\/\/lebenshilfe-kuh-und-co.de\/index.php\/die-geschichte-von-ruben\/\" \/>\n<meta property=\"og:site_name\" content=\"Lebenshilfe Kuh und Co e.V.\" \/>\n<meta property=\"article:publisher\" content=\"https:\/\/www.facebook.com\/lebenshilfekuhundco\" \/>\n<meta property=\"article:modified_time\" content=\"2023-12-06T12:07:55+00:00\" \/>\n<meta property=\"og:image\" content=\"https:\/\/lebenshilfe-kuh-und-co.de\/wp-content\/uploads\/2023\/11\/walther-2.jpg\" \/>\n<meta name=\"twitter:card\" content=\"summary_large_image\" \/>\n<meta name=\"twitter:label1\" content=\"Gesch\u00e4tzte Lesezeit\" \/>\n\t<meta name=\"twitter:data1\" content=\"4\u00a0Minuten\" \/>\n<script type=\"application\/ld+json\" class=\"yoast-schema-graph\">{\"@context\":\"https:\/\/schema.org\",\"@graph\":[{\"@type\":\"WebPage\",\"@id\":\"https:\/\/lebenshilfe-kuh-und-co.de\/index.php\/die-geschichte-von-ruben\/\",\"url\":\"https:\/\/lebenshilfe-kuh-und-co.de\/index.php\/die-geschichte-von-ruben\/\",\"name\":\"DIe Geschichte von Ruben - Lebenshilfe Kuh und Co e.V.\",\"isPartOf\":{\"@id\":\"https:\/\/lebenshilfe-kuh-und-co.de\/#website\"},\"datePublished\":\"2023-11-29T08:08:08+00:00\",\"dateModified\":\"2023-12-06T12:07:55+00:00\",\"description\":\"Erfahre die Geschichte von Ruben, der gro\u00dfes Gl\u00fcck im Ungl\u00fcck hatte. Er kam kurz vor seinem Schlachttermin zu uns.\",\"breadcrumb\":{\"@id\":\"https:\/\/lebenshilfe-kuh-und-co.de\/index.php\/die-geschichte-von-ruben\/#breadcrumb\"},\"inLanguage\":\"de\",\"potentialAction\":[{\"@type\":\"ReadAction\",\"target\":[\"https:\/\/lebenshilfe-kuh-und-co.de\/index.php\/die-geschichte-von-ruben\/\"]}]},{\"@type\":\"BreadcrumbList\",\"@id\":\"https:\/\/lebenshilfe-kuh-und-co.de\/index.php\/die-geschichte-von-ruben\/#breadcrumb\",\"itemListElement\":[{\"@type\":\"ListItem\",\"position\":1,\"name\":\"Home\",\"item\":\"https:\/\/lebenshilfe-kuh-und-co.de\/\"},{\"@type\":\"ListItem\",\"position\":2,\"name\":\"Ruben\"}]},{\"@type\":\"WebSite\",\"@id\":\"https:\/\/lebenshilfe-kuh-und-co.de\/#website\",\"url\":\"https:\/\/lebenshilfe-kuh-und-co.de\/\",\"name\":\"Lebenshilfe Kuh und Co e.V.\",\"description\":\"Gemeinsam ein Licht in die St\u00e4lle tragen\",\"publisher\":{\"@id\":\"https:\/\/lebenshilfe-kuh-und-co.de\/#organization\"},\"potentialAction\":[{\"@type\":\"SearchAction\",\"target\":{\"@type\":\"EntryPoint\",\"urlTemplate\":\"https:\/\/lebenshilfe-kuh-und-co.de\/?s={search_term_string}\"},\"query-input\":\"required name=search_term_string\"}],\"inLanguage\":\"de\"},{\"@type\":\"Organization\",\"@id\":\"https:\/\/lebenshilfe-kuh-und-co.de\/#organization\",\"name\":\"Lebenshilfe Kuh und Co e.V.\",\"url\":\"https:\/\/lebenshilfe-kuh-und-co.de\/\",\"logo\":{\"@type\":\"ImageObject\",\"inLanguage\":\"de\",\"@id\":\"https:\/\/lebenshilfe-kuh-und-co.de\/#\/schema\/logo\/image\/\",\"url\":\"https:\/\/lebenshilfe-kuh-und-co.de\/wp-content\/uploads\/2023\/10\/cropped-cropped-lebenshilfe-logo.png\",\"contentUrl\":\"https:\/\/lebenshilfe-kuh-und-co.de\/wp-content\/uploads\/2023\/10\/cropped-cropped-lebenshilfe-logo.png\",\"width\":451,\"height\":164,\"caption\":\"Lebenshilfe Kuh und Co e.V.\"},\"image\":{\"@id\":\"https:\/\/lebenshilfe-kuh-und-co.de\/#\/schema\/logo\/image\/\"},\"sameAs\":[\"https:\/\/www.facebook.com\/lebenshilfekuhundco\",\"https:\/\/www.instagram.com\/lebenshilfekuhundcoev\/\"]}]}<\/script>\n<!-- \/ Yoast SEO plugin. -->","yoast_head_json":{"title":"DIe Geschichte von Ruben - Lebenshilfe Kuh und Co e.V.","description":"Erfahre die Geschichte von Ruben, der gro\u00dfes Gl\u00fcck im Ungl\u00fcck hatte. Er kam kurz vor seinem Schlachttermin zu uns.","robots":{"index":"index","follow":"follow","max-snippet":"max-snippet:-1","max-image-preview":"max-image-preview:large","max-video-preview":"max-video-preview:-1"},"canonical":"https:\/\/lebenshilfe-kuh-und-co.de\/index.php\/die-geschichte-von-ruben\/","og_locale":"de_DE","og_type":"article","og_title":"DIe Geschichte von Ruben - Lebenshilfe Kuh und Co e.V.","og_description":"Erfahre die Geschichte von Ruben, der gro\u00dfes Gl\u00fcck im Ungl\u00fcck hatte. Er kam kurz vor seinem Schlachttermin zu uns.","og_url":"https:\/\/lebenshilfe-kuh-und-co.de\/index.php\/die-geschichte-von-ruben\/","og_site_name":"Lebenshilfe Kuh und Co e.V.","article_publisher":"https:\/\/www.facebook.com\/lebenshilfekuhundco","article_modified_time":"2023-12-06T12:07:55+00:00","og_image":[{"url":"https:\/\/lebenshilfe-kuh-und-co.de\/wp-content\/uploads\/2023\/11\/walther-2.jpg"}],"twitter_card":"summary_large_image","twitter_misc":{"Gesch\u00e4tzte Lesezeit":"4\u00a0Minuten"},"schema":{"@context":"https:\/\/schema.org","@graph":[{"@type":"WebPage","@id":"https:\/\/lebenshilfe-kuh-und-co.de\/index.php\/die-geschichte-von-ruben\/","url":"https:\/\/lebenshilfe-kuh-und-co.de\/index.php\/die-geschichte-von-ruben\/","name":"DIe Geschichte von Ruben - Lebenshilfe Kuh und Co e.V.","isPartOf":{"@id":"https:\/\/lebenshilfe-kuh-und-co.de\/#website"},"datePublished":"2023-11-29T08:08:08+00:00","dateModified":"2023-12-06T12:07:55+00:00","description":"Erfahre die Geschichte von Ruben, der gro\u00dfes Gl\u00fcck im Ungl\u00fcck hatte. Er kam kurz vor seinem Schlachttermin zu uns.","breadcrumb":{"@id":"https:\/\/lebenshilfe-kuh-und-co.de\/index.php\/die-geschichte-von-ruben\/#breadcrumb"},"inLanguage":"de","potentialAction":[{"@type":"ReadAction","target":["https:\/\/lebenshilfe-kuh-und-co.de\/index.php\/die-geschichte-von-ruben\/"]}]},{"@type":"BreadcrumbList","@id":"https:\/\/lebenshilfe-kuh-und-co.de\/index.php\/die-geschichte-von-ruben\/#breadcrumb","itemListElement":[{"@type":"ListItem","position":1,"name":"Home","item":"https:\/\/lebenshilfe-kuh-und-co.de\/"},{"@type":"ListItem","position":2,"name":"Ruben"}]},{"@type":"WebSite","@id":"https:\/\/lebenshilfe-kuh-und-co.de\/#website","url":"https:\/\/lebenshilfe-kuh-und-co.de\/","name":"Lebenshilfe Kuh und Co e.V.","description":"Gemeinsam ein Licht in die St\u00e4lle tragen","publisher":{"@id":"https:\/\/lebenshilfe-kuh-und-co.de\/#organization"},"potentialAction":[{"@type":"SearchAction","target":{"@type":"EntryPoint","urlTemplate":"https:\/\/lebenshilfe-kuh-und-co.de\/?s={search_term_string}"},"query-input":"required name=search_term_string"}],"inLanguage":"de"},{"@type":"Organization","@id":"https:\/\/lebenshilfe-kuh-und-co.de\/#organization","name":"Lebenshilfe Kuh und Co e.V.","url":"https:\/\/lebenshilfe-kuh-und-co.de\/","logo":{"@type":"ImageObject","inLanguage":"de","@id":"https:\/\/lebenshilfe-kuh-und-co.de\/#\/schema\/logo\/image\/","url":"https:\/\/lebenshilfe-kuh-und-co.de\/wp-content\/uploads\/2023\/10\/cropped-cropped-lebenshilfe-logo.png","contentUrl":"https:\/\/lebenshilfe-kuh-und-co.de\/wp-content\/uploads\/2023\/10\/cropped-cropped-lebenshilfe-logo.png","width":451,"height":164,"caption":"Lebenshilfe Kuh und Co e.V."},"image":{"@id":"https:\/\/lebenshilfe-kuh-und-co.de\/#\/schema\/logo\/image\/"},"sameAs":["https:\/\/www.facebook.com\/lebenshilfekuhundco","https:\/\/www.instagram.com\/lebenshilfekuhundcoev\/"]}]}},"_links":{"self":[{"href":"https:\/\/lebenshilfe-kuh-und-co.de\/index.php\/wp-json\/wp\/v2\/pages\/2859","targetHints":{"allow":["GET"]}}],"collection":[{"href":"https:\/\/lebenshilfe-kuh-und-co.de\/index.php\/wp-json\/wp\/v2\/pages"}],"about":[{"href":"https:\/\/lebenshilfe-kuh-und-co.de\/index.php\/wp-json\/wp\/v2\/types\/page"}],"author":[{"embeddable":true,"href":"https:\/\/lebenshilfe-kuh-und-co.de\/index.php\/wp-json\/wp\/v2\/users\/1"}],"replies":[{"embeddable":true,"href":"https:\/\/lebenshilfe-kuh-und-co.de\/index.php\/wp-json\/wp\/v2\/comments?post=2859"}],"version-history":[{"count":14,"href":"https:\/\/lebenshilfe-kuh-und-co.de\/index.php\/wp-json\/wp\/v2\/pages\/2859\/revisions"}],"predecessor-version":[{"id":3526,"href":"https:\/\/lebenshilfe-kuh-und-co.de\/index.php\/wp-json\/wp\/v2\/pages\/2859\/revisions\/3526"}],"wp:attachment":[{"href":"https:\/\/lebenshilfe-kuh-und-co.de\/index.php\/wp-json\/wp\/v2\/media?parent=2859"}],"curies":[{"name":"wp","href":"https:\/\/api.w.org\/{rel}","templated":true}]}}