{"id":2881,"date":"2023-11-29T08:38:35","date_gmt":"2023-11-29T08:38:35","guid":{"rendered":"https:\/\/new.lebenshilfe-kuh-und-co.de\/?page_id=2881"},"modified":"2023-12-06T12:08:21","modified_gmt":"2023-12-06T12:08:21","slug":"die-geschichte-von-jimmy","status":"publish","type":"page","link":"https:\/\/lebenshilfe-kuh-und-co.de\/index.php\/die-geschichte-von-jimmy\/","title":{"rendered":"Jimmy"},"content":{"rendered":"\t\t<div data-elementor-type=\"wp-page\" data-elementor-id=\"2881\" class=\"elementor elementor-2881\">\n\t\t\t\t\t\t<section class=\"elementor-section elementor-top-section elementor-element elementor-element-6636bf90 animated-slow elementor-section-boxed elementor-section-height-default elementor-section-height-default elementor-invisible\" data-id=\"6636bf90\" data-element_type=\"section\" data-e-type=\"section\" data-settings=\"{&quot;animation&quot;:&quot;fadeIn&quot;}\">\n\t\t\t\t\t\t<div class=\"elementor-container elementor-column-gap-wide\">\n\t\t\t\t\t<div class=\"elementor-column elementor-col-50 elementor-top-column elementor-element elementor-element-17256669 elementor-invisible\" data-id=\"17256669\" data-element_type=\"column\" data-e-type=\"column\" data-settings=\"{&quot;animation&quot;:&quot;fadeIn&quot;}\">\n\t\t\t<div class=\"elementor-widget-wrap elementor-element-populated\">\n\t\t\t\t\t\t<div class=\"elementor-element elementor-element-2eca4879 elementor-widget elementor-widget-image\" data-id=\"2eca4879\" data-element_type=\"widget\" data-e-type=\"widget\" data-widget_type=\"image.default\">\n\t\t\t\t<div class=\"elementor-widget-container\">\n\t\t\t\t\t\t\t\t\t\t\t\t\t\t\t<img fetchpriority=\"high\" decoding=\"async\" width=\"1024\" height=\"1024\" src=\"https:\/\/lebenshilfe-kuh-und-co.de\/wp-content\/uploads\/2023\/11\/ad472d22-fd68-4bfe-b59c-e7daf2254ad6-1024x1024.jpg\" class=\"attachment-large size-large wp-image-2884\" alt=\"Die Geschichte von Jimmy\" srcset=\"https:\/\/lebenshilfe-kuh-und-co.de\/wp-content\/uploads\/2023\/11\/ad472d22-fd68-4bfe-b59c-e7daf2254ad6-1024x1024.jpg 1024w, https:\/\/lebenshilfe-kuh-und-co.de\/wp-content\/uploads\/2023\/11\/ad472d22-fd68-4bfe-b59c-e7daf2254ad6-300x300.jpg 300w, https:\/\/lebenshilfe-kuh-und-co.de\/wp-content\/uploads\/2023\/11\/ad472d22-fd68-4bfe-b59c-e7daf2254ad6-150x150.jpg 150w, https:\/\/lebenshilfe-kuh-und-co.de\/wp-content\/uploads\/2023\/11\/ad472d22-fd68-4bfe-b59c-e7daf2254ad6-768x768.jpg 768w, https:\/\/lebenshilfe-kuh-und-co.de\/wp-content\/uploads\/2023\/11\/ad472d22-fd68-4bfe-b59c-e7daf2254ad6-1536x1536.jpg 1536w, https:\/\/lebenshilfe-kuh-und-co.de\/wp-content\/uploads\/2023\/11\/ad472d22-fd68-4bfe-b59c-e7daf2254ad6.jpg 1600w\" sizes=\"(max-width: 1024px) 100vw, 1024px\" \/>\t\t\t\t\t\t\t\t\t\t\t\t\t\t\t<\/div>\n\t\t\t\t<\/div>\n\t\t\t\t\t<\/div>\n\t\t<\/div>\n\t\t\t\t<div class=\"elementor-column elementor-col-50 elementor-top-column elementor-element elementor-element-75616569\" data-id=\"75616569\" data-element_type=\"column\" data-e-type=\"column\">\n\t\t\t<div class=\"elementor-widget-wrap elementor-element-populated\">\n\t\t\t\t\t\t<div class=\"elementor-element elementor-element-1b24b2b6 elementor-widget elementor-widget-heading\" data-id=\"1b24b2b6\" data-element_type=\"widget\" data-e-type=\"widget\" data-widget_type=\"heading.default\">\n\t\t\t\t<div class=\"elementor-widget-container\">\n\t\t\t\t\t<h2 class=\"elementor-heading-title elementor-size-default\">Jimmy der Galloway Ochse<\/h2>\t\t\t\t<\/div>\n\t\t\t\t<\/div>\n\t\t\t\t<div class=\"elementor-element elementor-element-227260ed elementor-widget elementor-widget-text-editor\" data-id=\"227260ed\" data-element_type=\"widget\" data-e-type=\"widget\" data-widget_type=\"text-editor.default\">\n\t\t\t\t<div class=\"elementor-widget-container\">\n\t\t\t\t\t\t\t\t\t<p>Jimmy geh\u00f6rt zu einer kleinen Galloway Herde, die wir f\u00fcr einige Monate im Auge hatten, denn es ging ihnen nicht gut. Sie wurden nicht gef\u00fcttert, standen immerzu im Dreck. Der Besitzer der Herde war bereits bekannt und wir hatten bereits mehrere Versuche unternommen, diese Tiere frei zu kaufen. Ein schwieriges Unterfangen, wie sich herausstellte.<\/p>\t\t\t\t\t\t\t\t<\/div>\n\t\t\t\t<\/div>\n\t\t\t\t<div class=\"elementor-element elementor-element-9b47ffc elementor-widget elementor-widget-button\" data-id=\"9b47ffc\" data-element_type=\"widget\" data-e-type=\"widget\" data-widget_type=\"button.default\">\n\t\t\t\t<div class=\"elementor-widget-container\">\n\t\t\t\t\t\t\t\t\t<div class=\"elementor-button-wrapper\">\n\t\t\t\t\t<a class=\"elementor-button elementor-button-link elementor-size-sm\" href=\"https:\/\/fb.watch\/oEfmX0yoPa\/\" target=\"_blank\">\n\t\t\t\t\t\t<span class=\"elementor-button-content-wrapper\">\n\t\t\t\t\t\t\t\t\t<span class=\"elementor-button-text\">zum Video von Jimmys Ankunft in Mahlstetten<\/span>\n\t\t\t\t\t<\/span>\n\t\t\t\t\t<\/a>\n\t\t\t\t<\/div>\n\t\t\t\t\t\t\t\t<\/div>\n\t\t\t\t<\/div>\n\t\t\t\t\t<\/div>\n\t\t<\/div>\n\t\t\t\t\t<\/div>\n\t\t<\/section>\n\t\t<div class=\"elementor-element elementor-element-ed4556f e-flex e-con-boxed e-con e-parent\" data-id=\"ed4556f\" data-element_type=\"container\" data-e-type=\"container\">\n\t\t\t\t\t<div class=\"e-con-inner\">\n\t\t\t\t<div class=\"elementor-element elementor-element-40a97905 elementor-widget elementor-widget-text-editor\" data-id=\"40a97905\" data-element_type=\"widget\" data-e-type=\"widget\" data-widget_type=\"text-editor.default\">\n\t\t\t\t<div class=\"elementor-widget-container\">\n\t\t\t\t\t\t\t\t\t<p>Unser lieber Hubert hat sich wochenlang um die Herde gek\u00fcmmert, Futter und Heu gebracht und immer wieder den Kontakt zum Besitzer gesucht.<\/p><p>Nach ewigem Hin- und Her und nachdem wir schon fast resigniert haben, hat sich aus heiterem Himmel das Blatt gewendet und der Besitzer hat uns die 4 \u201eJungs\u201c f\u00fcr einen horrenden Preis \u00fcberlassen.<\/p><p>\u00a0<\/p><p>Ob der pl\u00f6tzliche Sinneswandel daran lag, dass wir vehement an der Sache drangeblieben sind oder aber der Druck des Veterin\u00e4ramtes doch zu hoch wurde, wird wohl ein Geheimnis bleiben.\u00a0<span style=\"font-style: inherit; font-weight: inherit; text-align: var(--text-align); background-color: var(--ast-global-color-5); color: var(--ast-global-color-3);\">Letztendlich egal. Wir sind so gl\u00fccklich, dass die Rettung geklappt hat und die 4 Black Boys Jimmy, Boris, Little Foot und Geronimo jetzt ein friedliches Leben unter unserem Schutz leben d\u00fcrfen.<\/span><\/p>\t\t\t\t\t\t\t\t<\/div>\n\t\t\t\t<\/div>\n\t\t\t\t\t<\/div>\n\t\t\t\t<\/div>\n\t\t<div class=\"elementor-element elementor-element-e76e851 e-flex e-con-boxed e-con e-parent\" data-id=\"e76e851\" data-element_type=\"container\" data-e-type=\"container\">\n\t\t\t\t\t<div class=\"e-con-inner\">\n\t\t<div class=\"elementor-element elementor-element-d0d692d e-con-full e-flex e-con e-child\" data-id=\"d0d692d\" data-element_type=\"container\" data-e-type=\"container\">\n\t\t\t\t<div class=\"elementor-element elementor-element-9869000 elementor-widget elementor-widget-image\" data-id=\"9869000\" data-element_type=\"widget\" data-e-type=\"widget\" data-widget_type=\"image.default\">\n\t\t\t\t<div class=\"elementor-widget-container\">\n\t\t\t\t\t\t\t\t\t\t\t\t\t\t\t<img decoding=\"async\" width=\"300\" height=\"229\" src=\"https:\/\/lebenshilfe-kuh-und-co.de\/wp-content\/uploads\/2023\/11\/galloway-300x229.jpg\" class=\"attachment-medium size-medium wp-image-2414\" alt=\"Jimmys geschichte\" srcset=\"https:\/\/lebenshilfe-kuh-und-co.de\/wp-content\/uploads\/2023\/11\/galloway-300x229.jpg 300w, https:\/\/lebenshilfe-kuh-und-co.de\/wp-content\/uploads\/2023\/11\/galloway.jpg 603w\" sizes=\"(max-width: 300px) 100vw, 300px\" \/>\t\t\t\t\t\t\t\t\t\t\t\t\t\t\t<\/div>\n\t\t\t\t<\/div>\n\t\t\t\t<\/div>\n\t\t<div class=\"elementor-element elementor-element-828bcf6 e-con-full e-flex e-con e-child\" data-id=\"828bcf6\" data-element_type=\"container\" data-e-type=\"container\">\n\t\t\t\t<div class=\"elementor-element elementor-element-ea6b648 elementor-widget elementor-widget-image\" data-id=\"ea6b648\" data-element_type=\"widget\" data-e-type=\"widget\" data-widget_type=\"image.default\">\n\t\t\t\t<div class=\"elementor-widget-container\">\n\t\t\t\t\t\t\t\t\t\t\t\t\t\t\t<img decoding=\"async\" width=\"300\" height=\"300\" src=\"https:\/\/lebenshilfe-kuh-und-co.de\/wp-content\/uploads\/2023\/11\/ad472d22-fd68-4bfe-b59c-e7daf2254ad6-300x300.jpg\" class=\"attachment-medium size-medium wp-image-2884\" alt=\"Die Geschichte von Jimmy\" srcset=\"https:\/\/lebenshilfe-kuh-und-co.de\/wp-content\/uploads\/2023\/11\/ad472d22-fd68-4bfe-b59c-e7daf2254ad6-300x300.jpg 300w, https:\/\/lebenshilfe-kuh-und-co.de\/wp-content\/uploads\/2023\/11\/ad472d22-fd68-4bfe-b59c-e7daf2254ad6-1024x1024.jpg 1024w, https:\/\/lebenshilfe-kuh-und-co.de\/wp-content\/uploads\/2023\/11\/ad472d22-fd68-4bfe-b59c-e7daf2254ad6-150x150.jpg 150w, https:\/\/lebenshilfe-kuh-und-co.de\/wp-content\/uploads\/2023\/11\/ad472d22-fd68-4bfe-b59c-e7daf2254ad6-768x768.jpg 768w, https:\/\/lebenshilfe-kuh-und-co.de\/wp-content\/uploads\/2023\/11\/ad472d22-fd68-4bfe-b59c-e7daf2254ad6-1536x1536.jpg 1536w, https:\/\/lebenshilfe-kuh-und-co.de\/wp-content\/uploads\/2023\/11\/ad472d22-fd68-4bfe-b59c-e7daf2254ad6.jpg 1600w\" sizes=\"(max-width: 300px) 100vw, 300px\" \/>\t\t\t\t\t\t\t\t\t\t\t\t\t\t\t<\/div>\n\t\t\t\t<\/div>\n\t\t\t\t<\/div>\n\t\t<div class=\"elementor-element elementor-element-a0a259e e-con-full e-flex e-con e-child\" data-id=\"a0a259e\" data-element_type=\"container\" data-e-type=\"container\">\n\t\t\t\t<div class=\"elementor-element elementor-element-378ad48 elementor-widget elementor-widget-image\" data-id=\"378ad48\" data-element_type=\"widget\" data-e-type=\"widget\" data-widget_type=\"image.default\">\n\t\t\t\t<div class=\"elementor-widget-container\">\n\t\t\t\t\t\t\t\t\t\t\t\t\t\t\t<img loading=\"lazy\" decoding=\"async\" width=\"300\" height=\"221\" src=\"https:\/\/lebenshilfe-kuh-und-co.de\/wp-content\/uploads\/2023\/11\/jimmy-lenoie-300x221.jpg\" class=\"attachment-medium size-medium wp-image-2415\" alt=\"Jimmy und Leonie auf dem Hof in Mahlstetten\" srcset=\"https:\/\/lebenshilfe-kuh-und-co.de\/wp-content\/uploads\/2023\/11\/jimmy-lenoie-300x221.jpg 300w, https:\/\/lebenshilfe-kuh-und-co.de\/wp-content\/uploads\/2023\/11\/jimmy-lenoie.jpg 625w\" sizes=\"(max-width: 300px) 100vw, 300px\" \/>\t\t\t\t\t\t\t\t\t\t\t\t\t\t\t<\/div>\n\t\t\t\t<\/div>\n\t\t\t\t<\/div>\n\t\t\t\t\t<\/div>\n\t\t\t\t<\/div>\n\t\t\t\t<section class=\"elementor-section elementor-top-section elementor-element elementor-element-2c347f90 elementor-section-content-middle elementor-section-boxed elementor-section-height-default elementor-section-height-default\" data-id=\"2c347f90\" data-element_type=\"section\" data-e-type=\"section\" data-settings=\"{&quot;background_background&quot;:&quot;classic&quot;}\">\n\t\t\t\t\t\t<div class=\"elementor-container elementor-column-gap-default\">\n\t\t\t\t\t<div class=\"elementor-column elementor-col-100 elementor-top-column elementor-element elementor-element-2c265292\" data-id=\"2c265292\" data-element_type=\"column\" data-e-type=\"column\">\n\t\t\t<div class=\"elementor-widget-wrap elementor-element-populated\">\n\t\t\t\t\t\t<div class=\"elementor-element elementor-element-2c14f0d4 elementor-widget elementor-widget-heading\" data-id=\"2c14f0d4\" data-element_type=\"widget\" data-e-type=\"widget\" data-widget_type=\"heading.default\">\n\t\t\t\t<div class=\"elementor-widget-container\">\n\t\t\t\t\t<h2 class=\"elementor-heading-title elementor-size-default\">Unterst\u00fctze unsere Mission<\/h2>\t\t\t\t<\/div>\n\t\t\t\t<\/div>\n\t\t\t\t<div class=\"elementor-element elementor-element-5176928a elementor-widget elementor-widget-text-editor\" data-id=\"5176928a\" data-element_type=\"widget\" data-e-type=\"widget\" data-widget_type=\"text-editor.default\">\n\t\t\t\t<div class=\"elementor-widget-container\">\n\t\t\t\t\t\t\t\t\t<p>Du m\u00f6chtest uns unterst\u00fctzen? Dazu gibt es viele M\u00f6glichkeiten. Von Spenden, Patenschaften \u00fcber eine Vereinsmitgliedschaft. Wir sind f\u00fcr jegliche Unterst\u00fctzung dankbar.<\/p>\t\t\t\t\t\t\t\t<\/div>\n\t\t\t\t<\/div>\n\t\t\t\t<div class=\"elementor-element elementor-element-2633825b elementor-align-center elementor-widget elementor-widget-button\" data-id=\"2633825b\" data-element_type=\"widget\" data-e-type=\"widget\" data-widget_type=\"button.default\">\n\t\t\t\t<div class=\"elementor-widget-container\">\n\t\t\t\t\t\t\t\t\t<div class=\"elementor-button-wrapper\">\n\t\t\t\t\t<a class=\"elementor-button elementor-button-link elementor-size-sm\" href=\"https:\/\/lebenshilfe-kuh-und-co.de\/index.php\/wie-kann-ich-helfen\/\">\n\t\t\t\t\t\t<span class=\"elementor-button-content-wrapper\">\n\t\t\t\t\t\t\t\t\t<span class=\"elementor-button-text\">Ja ich m\u00f6chte helfen<\/span>\n\t\t\t\t\t<\/span>\n\t\t\t\t\t<\/a>\n\t\t\t\t<\/div>\n\t\t\t\t\t\t\t\t<\/div>\n\t\t\t\t<\/div>\n\t\t\t\t\t<\/div>\n\t\t<\/div>\n\t\t\t\t\t<\/div>\n\t\t<\/section>\n\t\t\t\t<\/div>\n\t\t","protected":false},"excerpt":{"rendered":"<p>Jimmy der Galloway Ochse Jimmy geh\u00f6rt zu einer kleinen Galloway Herde, die wir f\u00fcr einige Monate im Auge hatten, denn es ging ihnen nicht gut. Sie wurden nicht gef\u00fcttert, standen immerzu im Dreck. Der Besitzer der Herde war bereits bekannt und wir hatten bereits mehrere Versuche unternommen, diese Tiere frei zu kaufen. Ein schwieriges Unterfangen, &hellip;<\/p>\n<p class=\"read-more\"> <a class=\"\" href=\"https:\/\/lebenshilfe-kuh-und-co.de\/index.php\/die-geschichte-von-jimmy\/\"> <span class=\"screen-reader-text\">Jimmy<\/span> Weiterlesen &raquo;<\/a><\/p>\n","protected":false},"author":1,"featured_media":0,"parent":0,"menu_order":0,"comment_status":"closed","ping_status":"closed","template":"","meta":{"site-sidebar-layout":"no-sidebar","site-content-layout":"page-builder","ast-site-content-layout":"full-width-container","site-content-style":"default","site-sidebar-style":"default","ast-global-header-display":"","ast-banner-title-visibility":"","ast-main-header-display":"","ast-hfb-above-header-display":"","ast-hfb-below-header-display":"","ast-hfb-mobile-header-display":"","site-post-title":"disabled","ast-breadcrumbs-content":"","ast-featured-img":"disabled","footer-sml-layout":"","theme-transparent-header-meta":"","adv-header-id-meta":"","stick-header-meta":"","header-above-stick-meta":"","header-main-stick-meta":"","header-below-stick-meta":"","astra-migrate-meta-layouts":"set","footnotes":""},"class_list":["post-2881","page","type-page","status-publish","hentry"],"yoast_head":"<!-- This site is optimized with the Yoast SEO plugin v21.5 - https:\/\/yoast.com\/wordpress\/plugins\/seo\/ -->\n<title>Jimmys Geschichte - Lebenshilfe Kuh und Co e.V.<\/title>\n<meta name=\"description\" content=\"Erfahre die Geschichte von Jimmy und den 3 anderen Galloway Ochsen, die liebevoll von uns gepflegt und dann gerettet wurden.\" \/>\n<meta name=\"robots\" content=\"index, follow, max-snippet:-1, max-image-preview:large, max-video-preview:-1\" \/>\n<link rel=\"canonical\" href=\"https:\/\/lebenshilfe-kuh-und-co.de\/index.php\/die-geschichte-von-jimmy\/\" \/>\n<meta property=\"og:locale\" content=\"de_DE\" \/>\n<meta property=\"og:type\" content=\"article\" \/>\n<meta property=\"og:title\" content=\"Jimmys Geschichte - Lebenshilfe Kuh und Co e.V.\" \/>\n<meta property=\"og:description\" content=\"Erfahre die Geschichte von Jimmy und den 3 anderen Galloway Ochsen, die liebevoll von uns gepflegt und dann gerettet wurden.\" \/>\n<meta property=\"og:url\" content=\"https:\/\/lebenshilfe-kuh-und-co.de\/index.php\/die-geschichte-von-jimmy\/\" \/>\n<meta property=\"og:site_name\" content=\"Lebenshilfe Kuh und Co e.V.\" \/>\n<meta property=\"article:publisher\" content=\"https:\/\/www.facebook.com\/lebenshilfekuhundco\" \/>\n<meta property=\"article:modified_time\" content=\"2023-12-06T12:08:21+00:00\" \/>\n<meta property=\"og:image\" content=\"https:\/\/lebenshilfe-kuh-und-co.de\/wp-content\/uploads\/2023\/11\/ad472d22-fd68-4bfe-b59c-e7daf2254ad6-1024x1024.jpg\" \/>\n<meta name=\"twitter:card\" content=\"summary_large_image\" \/>\n<meta name=\"twitter:label1\" content=\"Gesch\u00e4tzte Lesezeit\" \/>\n\t<meta name=\"twitter:data1\" content=\"2\u00a0Minuten\" \/>\n<script type=\"application\/ld+json\" class=\"yoast-schema-graph\">{\"@context\":\"https:\/\/schema.org\",\"@graph\":[{\"@type\":\"WebPage\",\"@id\":\"https:\/\/lebenshilfe-kuh-und-co.de\/index.php\/die-geschichte-von-jimmy\/\",\"url\":\"https:\/\/lebenshilfe-kuh-und-co.de\/index.php\/die-geschichte-von-jimmy\/\",\"name\":\"Jimmys Geschichte - Lebenshilfe Kuh und Co e.V.\",\"isPartOf\":{\"@id\":\"https:\/\/lebenshilfe-kuh-und-co.de\/#website\"},\"datePublished\":\"2023-11-29T08:38:35+00:00\",\"dateModified\":\"2023-12-06T12:08:21+00:00\",\"description\":\"Erfahre die Geschichte von Jimmy und den 3 anderen Galloway Ochsen, die liebevoll von uns gepflegt und dann gerettet wurden.\",\"breadcrumb\":{\"@id\":\"https:\/\/lebenshilfe-kuh-und-co.de\/index.php\/die-geschichte-von-jimmy\/#breadcrumb\"},\"inLanguage\":\"de\",\"potentialAction\":[{\"@type\":\"ReadAction\",\"target\":[\"https:\/\/lebenshilfe-kuh-und-co.de\/index.php\/die-geschichte-von-jimmy\/\"]}]},{\"@type\":\"BreadcrumbList\",\"@id\":\"https:\/\/lebenshilfe-kuh-und-co.de\/index.php\/die-geschichte-von-jimmy\/#breadcrumb\",\"itemListElement\":[{\"@type\":\"ListItem\",\"position\":1,\"name\":\"Home\",\"item\":\"https:\/\/lebenshilfe-kuh-und-co.de\/\"},{\"@type\":\"ListItem\",\"position\":2,\"name\":\"Jimmy\"}]},{\"@type\":\"WebSite\",\"@id\":\"https:\/\/lebenshilfe-kuh-und-co.de\/#website\",\"url\":\"https:\/\/lebenshilfe-kuh-und-co.de\/\",\"name\":\"Lebenshilfe Kuh und Co e.V.\",\"description\":\"Gemeinsam ein Licht in die St\u00e4lle tragen\",\"publisher\":{\"@id\":\"https:\/\/lebenshilfe-kuh-und-co.de\/#organization\"},\"potentialAction\":[{\"@type\":\"SearchAction\",\"target\":{\"@type\":\"EntryPoint\",\"urlTemplate\":\"https:\/\/lebenshilfe-kuh-und-co.de\/?s={search_term_string}\"},\"query-input\":\"required name=search_term_string\"}],\"inLanguage\":\"de\"},{\"@type\":\"Organization\",\"@id\":\"https:\/\/lebenshilfe-kuh-und-co.de\/#organization\",\"name\":\"Lebenshilfe Kuh und Co e.V.\",\"url\":\"https:\/\/lebenshilfe-kuh-und-co.de\/\",\"logo\":{\"@type\":\"ImageObject\",\"inLanguage\":\"de\",\"@id\":\"https:\/\/lebenshilfe-kuh-und-co.de\/#\/schema\/logo\/image\/\",\"url\":\"https:\/\/lebenshilfe-kuh-und-co.de\/wp-content\/uploads\/2023\/10\/cropped-cropped-lebenshilfe-logo.png\",\"contentUrl\":\"https:\/\/lebenshilfe-kuh-und-co.de\/wp-content\/uploads\/2023\/10\/cropped-cropped-lebenshilfe-logo.png\",\"width\":451,\"height\":164,\"caption\":\"Lebenshilfe Kuh und Co e.V.\"},\"image\":{\"@id\":\"https:\/\/lebenshilfe-kuh-und-co.de\/#\/schema\/logo\/image\/\"},\"sameAs\":[\"https:\/\/www.facebook.com\/lebenshilfekuhundco\",\"https:\/\/www.instagram.com\/lebenshilfekuhundcoev\/\"]}]}<\/script>\n<!-- \/ Yoast SEO plugin. -->","yoast_head_json":{"title":"Jimmys Geschichte - Lebenshilfe Kuh und Co e.V.","description":"Erfahre die Geschichte von Jimmy und den 3 anderen Galloway Ochsen, die liebevoll von uns gepflegt und dann gerettet wurden.","robots":{"index":"index","follow":"follow","max-snippet":"max-snippet:-1","max-image-preview":"max-image-preview:large","max-video-preview":"max-video-preview:-1"},"canonical":"https:\/\/lebenshilfe-kuh-und-co.de\/index.php\/die-geschichte-von-jimmy\/","og_locale":"de_DE","og_type":"article","og_title":"Jimmys Geschichte - Lebenshilfe Kuh und Co e.V.","og_description":"Erfahre die Geschichte von Jimmy und den 3 anderen Galloway Ochsen, die liebevoll von uns gepflegt und dann gerettet wurden.","og_url":"https:\/\/lebenshilfe-kuh-und-co.de\/index.php\/die-geschichte-von-jimmy\/","og_site_name":"Lebenshilfe Kuh und Co e.V.","article_publisher":"https:\/\/www.facebook.com\/lebenshilfekuhundco","article_modified_time":"2023-12-06T12:08:21+00:00","og_image":[{"url":"https:\/\/lebenshilfe-kuh-und-co.de\/wp-content\/uploads\/2023\/11\/ad472d22-fd68-4bfe-b59c-e7daf2254ad6-1024x1024.jpg"}],"twitter_card":"summary_large_image","twitter_misc":{"Gesch\u00e4tzte Lesezeit":"2\u00a0Minuten"},"schema":{"@context":"https:\/\/schema.org","@graph":[{"@type":"WebPage","@id":"https:\/\/lebenshilfe-kuh-und-co.de\/index.php\/die-geschichte-von-jimmy\/","url":"https:\/\/lebenshilfe-kuh-und-co.de\/index.php\/die-geschichte-von-jimmy\/","name":"Jimmys Geschichte - Lebenshilfe Kuh und Co e.V.","isPartOf":{"@id":"https:\/\/lebenshilfe-kuh-und-co.de\/#website"},"datePublished":"2023-11-29T08:38:35+00:00","dateModified":"2023-12-06T12:08:21+00:00","description":"Erfahre die Geschichte von Jimmy und den 3 anderen Galloway Ochsen, die liebevoll von uns gepflegt und dann gerettet wurden.","breadcrumb":{"@id":"https:\/\/lebenshilfe-kuh-und-co.de\/index.php\/die-geschichte-von-jimmy\/#breadcrumb"},"inLanguage":"de","potentialAction":[{"@type":"ReadAction","target":["https:\/\/lebenshilfe-kuh-und-co.de\/index.php\/die-geschichte-von-jimmy\/"]}]},{"@type":"BreadcrumbList","@id":"https:\/\/lebenshilfe-kuh-und-co.de\/index.php\/die-geschichte-von-jimmy\/#breadcrumb","itemListElement":[{"@type":"ListItem","position":1,"name":"Home","item":"https:\/\/lebenshilfe-kuh-und-co.de\/"},{"@type":"ListItem","position":2,"name":"Jimmy"}]},{"@type":"WebSite","@id":"https:\/\/lebenshilfe-kuh-und-co.de\/#website","url":"https:\/\/lebenshilfe-kuh-und-co.de\/","name":"Lebenshilfe Kuh und Co e.V.","description":"Gemeinsam ein Licht in die St\u00e4lle tragen","publisher":{"@id":"https:\/\/lebenshilfe-kuh-und-co.de\/#organization"},"potentialAction":[{"@type":"SearchAction","target":{"@type":"EntryPoint","urlTemplate":"https:\/\/lebenshilfe-kuh-und-co.de\/?s={search_term_string}"},"query-input":"required name=search_term_string"}],"inLanguage":"de"},{"@type":"Organization","@id":"https:\/\/lebenshilfe-kuh-und-co.de\/#organization","name":"Lebenshilfe Kuh und Co e.V.","url":"https:\/\/lebenshilfe-kuh-und-co.de\/","logo":{"@type":"ImageObject","inLanguage":"de","@id":"https:\/\/lebenshilfe-kuh-und-co.de\/#\/schema\/logo\/image\/","url":"https:\/\/lebenshilfe-kuh-und-co.de\/wp-content\/uploads\/2023\/10\/cropped-cropped-lebenshilfe-logo.png","contentUrl":"https:\/\/lebenshilfe-kuh-und-co.de\/wp-content\/uploads\/2023\/10\/cropped-cropped-lebenshilfe-logo.png","width":451,"height":164,"caption":"Lebenshilfe Kuh und Co e.V."},"image":{"@id":"https:\/\/lebenshilfe-kuh-und-co.de\/#\/schema\/logo\/image\/"},"sameAs":["https:\/\/www.facebook.com\/lebenshilfekuhundco","https:\/\/www.instagram.com\/lebenshilfekuhundcoev\/"]}]}},"_links":{"self":[{"href":"https:\/\/lebenshilfe-kuh-und-co.de\/index.php\/wp-json\/wp\/v2\/pages\/2881","targetHints":{"allow":["GET"]}}],"collection":[{"href":"https:\/\/lebenshilfe-kuh-und-co.de\/index.php\/wp-json\/wp\/v2\/pages"}],"about":[{"href":"https:\/\/lebenshilfe-kuh-und-co.de\/index.php\/wp-json\/wp\/v2\/types\/page"}],"author":[{"embeddable":true,"href":"https:\/\/lebenshilfe-kuh-und-co.de\/index.php\/wp-json\/wp\/v2\/users\/1"}],"replies":[{"embeddable":true,"href":"https:\/\/lebenshilfe-kuh-und-co.de\/index.php\/wp-json\/wp\/v2\/comments?post=2881"}],"version-history":[{"count":30,"href":"https:\/\/lebenshilfe-kuh-und-co.de\/index.php\/wp-json\/wp\/v2\/pages\/2881\/revisions"}],"predecessor-version":[{"id":3532,"href":"https:\/\/lebenshilfe-kuh-und-co.de\/index.php\/wp-json\/wp\/v2\/pages\/2881\/revisions\/3532"}],"wp:attachment":[{"href":"https:\/\/lebenshilfe-kuh-und-co.de\/index.php\/wp-json\/wp\/v2\/media?parent=2881"}],"curies":[{"name":"wp","href":"https:\/\/api.w.org\/{rel}","templated":true}]}}