{"id":2925,"date":"2023-11-29T09:26:03","date_gmt":"2023-11-29T09:26:03","guid":{"rendered":"https:\/\/new.lebenshilfe-kuh-und-co.de\/?page_id=2925"},"modified":"2023-12-06T12:10:05","modified_gmt":"2023-12-06T12:10:05","slug":"die-geschichte-von-alexa","status":"publish","type":"page","link":"https:\/\/lebenshilfe-kuh-und-co.de\/index.php\/die-geschichte-von-alexa\/","title":{"rendered":"Alexa"},"content":{"rendered":"\t\t<div data-elementor-type=\"wp-page\" data-elementor-id=\"2925\" class=\"elementor elementor-2925\">\n\t\t\t\t\t\t<section class=\"elementor-section elementor-top-section elementor-element elementor-element-312e81c4 animated-slow elementor-section-boxed elementor-section-height-default elementor-section-height-default elementor-invisible\" data-id=\"312e81c4\" data-element_type=\"section\" data-e-type=\"section\" data-settings=\"{&quot;animation&quot;:&quot;fadeIn&quot;}\">\n\t\t\t\t\t\t<div class=\"elementor-container elementor-column-gap-wide\">\n\t\t\t\t\t<div class=\"elementor-column elementor-col-50 elementor-top-column elementor-element elementor-element-3c4c1a9c elementor-invisible\" data-id=\"3c4c1a9c\" data-element_type=\"column\" data-e-type=\"column\" data-settings=\"{&quot;animation&quot;:&quot;fadeIn&quot;}\">\n\t\t\t<div class=\"elementor-widget-wrap elementor-element-populated\">\n\t\t\t\t\t\t<div class=\"elementor-element elementor-element-1e4e7d6a elementor-widget elementor-widget-image\" data-id=\"1e4e7d6a\" data-element_type=\"widget\" data-e-type=\"widget\" data-widget_type=\"image.default\">\n\t\t\t\t<div class=\"elementor-widget-container\">\n\t\t\t\t\t\t\t\t\t\t\t\t\t\t\t<img fetchpriority=\"high\" decoding=\"async\" width=\"614\" height=\"345\" src=\"https:\/\/lebenshilfe-kuh-und-co.de\/wp-content\/uploads\/2023\/11\/alexa4.jpg\" class=\"attachment-large size-large wp-image-2933\" alt=\"Die Geschichte von Alexa\" srcset=\"https:\/\/lebenshilfe-kuh-und-co.de\/wp-content\/uploads\/2023\/11\/alexa4.jpg 614w, https:\/\/lebenshilfe-kuh-und-co.de\/wp-content\/uploads\/2023\/11\/alexa4-300x169.jpg 300w\" sizes=\"(max-width: 614px) 100vw, 614px\" \/>\t\t\t\t\t\t\t\t\t\t\t\t\t\t\t<\/div>\n\t\t\t\t<\/div>\n\t\t\t\t\t<\/div>\n\t\t<\/div>\n\t\t\t\t<div class=\"elementor-column elementor-col-50 elementor-top-column elementor-element elementor-element-772f7d07\" data-id=\"772f7d07\" data-element_type=\"column\" data-e-type=\"column\">\n\t\t\t<div class=\"elementor-widget-wrap elementor-element-populated\">\n\t\t\t\t\t\t<div class=\"elementor-element elementor-element-1faab552 elementor-widget elementor-widget-heading\" data-id=\"1faab552\" data-element_type=\"widget\" data-e-type=\"widget\" data-widget_type=\"heading.default\">\n\t\t\t\t<div class=\"elementor-widget-container\">\n\t\t\t\t\t<h2 class=\"elementor-heading-title elementor-size-default\">Alexa <\/h2>\t\t\t\t<\/div>\n\t\t\t\t<\/div>\n\t\t\t\t<div class=\"elementor-element elementor-element-75597e52 elementor-widget elementor-widget-text-editor\" data-id=\"75597e52\" data-element_type=\"widget\" data-e-type=\"widget\" data-widget_type=\"text-editor.default\">\n\t\t\t\t<div class=\"elementor-widget-container\">\n\t\t\t\t\t\t\t\t\t<p>Alexa kam im Juni 2018 zusammen mit ihrer Mutter Omi, Perle und Ronja zu uns, nachdem sich die Vereine Rettet das Huhn e.V., Lebenshof Wildehilde und Lebenshilfe Kuh &amp; Co e.V. beschlossen hatten, gemeinsam zun\u00e4chst eine Kuh vor der Schlachtung zu retten.<\/p>\t\t\t\t\t\t\t\t<\/div>\n\t\t\t\t<\/div>\n\t\t\t\t\t<\/div>\n\t\t<\/div>\n\t\t\t\t\t<\/div>\n\t\t<\/section>\n\t\t<div class=\"elementor-element elementor-element-35d8a68a e-flex e-con-boxed e-con e-parent\" data-id=\"35d8a68a\" data-element_type=\"container\" data-e-type=\"container\">\n\t\t\t\t\t<div class=\"e-con-inner\">\n\t\t\t\t<div class=\"elementor-element elementor-element-4d294189 elementor-widget elementor-widget-text-editor\" data-id=\"4d294189\" data-element_type=\"widget\" data-e-type=\"widget\" data-widget_type=\"text-editor.default\">\n\t\t\t\t<div class=\"elementor-widget-container\">\n\t\t\t\t\t\t\t\t\t<p>Nach einem Aufruf meldeten sich so viele Menschen f\u00fcr Patenschaften und die Ereignisse \u00fcberschlugen sich. Aus der Rettung einer Kuh wurde am Ende die Rettung von 3 K\u00fchen und einem K\u00e4lbchen.<\/p><p>Das K\u00e4lbchen war Alexa, die letzte Tochter von Omi &#8211; die leider im M\u00e4rz 2023 verstarb. Alexa, Perle und Ronja leben heute zusammen auf dem Hof im Untermarchtal und erfreuen sich einfach Kuh sein zu d\u00fcrfen.<\/p><p>\u00a0<\/p><p>\u00a0<\/p><p>Schaut auch Euch gerne das Ankunftsvideo von den Vieren an.<\/p>\t\t\t\t\t\t\t\t<\/div>\n\t\t\t\t<\/div>\n\t\t\t\t\t<\/div>\n\t\t\t\t<\/div>\n\t\t<div class=\"elementor-element elementor-element-6f0b021 e-flex e-con-boxed e-con e-parent\" data-id=\"6f0b021\" data-element_type=\"container\" data-e-type=\"container\">\n\t\t\t\t\t<div class=\"e-con-inner\">\n\t\t\t\t<div class=\"elementor-element elementor-element-d191c46 elementor-widget elementor-widget-button\" data-id=\"d191c46\" data-element_type=\"widget\" data-e-type=\"widget\" data-widget_type=\"button.default\">\n\t\t\t\t<div class=\"elementor-widget-container\">\n\t\t\t\t\t\t\t\t\t<div class=\"elementor-button-wrapper\">\n\t\t\t\t\t<a class=\"elementor-button elementor-button-link elementor-size-sm\" href=\"https:\/\/www.youtube.com\/watch?v=vX88Ubux0qc\" target=\"_blank\">\n\t\t\t\t\t\t<span class=\"elementor-button-content-wrapper\">\n\t\t\t\t\t\t\t\t\t<span class=\"elementor-button-text\">Hier gehts zum Video<\/span>\n\t\t\t\t\t<\/span>\n\t\t\t\t\t<\/a>\n\t\t\t\t<\/div>\n\t\t\t\t\t\t\t\t<\/div>\n\t\t\t\t<\/div>\n\t\t\t\t\t<\/div>\n\t\t\t\t<\/div>\n\t\t<div class=\"elementor-element elementor-element-2992c70a e-flex e-con-boxed e-con e-parent\" data-id=\"2992c70a\" data-element_type=\"container\" data-e-type=\"container\">\n\t\t\t\t\t<div class=\"e-con-inner\">\n\t\t<div class=\"elementor-element elementor-element-65c20703 e-con-full e-flex e-con e-child\" data-id=\"65c20703\" data-element_type=\"container\" data-e-type=\"container\">\n\t\t\t\t<div class=\"elementor-element elementor-element-77a96cd2 elementor-widget elementor-widget-image\" data-id=\"77a96cd2\" data-element_type=\"widget\" data-e-type=\"widget\" data-widget_type=\"image.default\">\n\t\t\t\t<div class=\"elementor-widget-container\">\n\t\t\t\t\t\t\t\t\t\t\t\t\t\t\t<img decoding=\"async\" width=\"300\" height=\"169\" src=\"https:\/\/lebenshilfe-kuh-und-co.de\/wp-content\/uploads\/2023\/11\/alexa5-300x169.jpg\" class=\"attachment-medium size-medium wp-image-2934\" alt=\"Die Geschichte von Alexa und Omi\" srcset=\"https:\/\/lebenshilfe-kuh-und-co.de\/wp-content\/uploads\/2023\/11\/alexa5-300x169.jpg 300w, https:\/\/lebenshilfe-kuh-und-co.de\/wp-content\/uploads\/2023\/11\/alexa5.jpg 614w\" sizes=\"(max-width: 300px) 100vw, 300px\" \/>\t\t\t\t\t\t\t\t\t\t\t\t\t\t\t<\/div>\n\t\t\t\t<\/div>\n\t\t\t\t<\/div>\n\t\t<div class=\"elementor-element elementor-element-ba7b79b e-con-full e-flex e-con e-child\" data-id=\"ba7b79b\" data-element_type=\"container\" data-e-type=\"container\">\n\t\t\t\t<div class=\"elementor-element elementor-element-4894fafe elementor-widget elementor-widget-image\" data-id=\"4894fafe\" data-element_type=\"widget\" data-e-type=\"widget\" data-widget_type=\"image.default\">\n\t\t\t\t<div class=\"elementor-widget-container\">\n\t\t\t\t\t\t\t\t\t\t\t\t\t\t\t<img decoding=\"async\" width=\"300\" height=\"169\" src=\"https:\/\/lebenshilfe-kuh-und-co.de\/wp-content\/uploads\/2023\/11\/alexa4-300x169.jpg\" class=\"attachment-medium size-medium wp-image-2933\" alt=\"Die Geschichte von Alexa\" srcset=\"https:\/\/lebenshilfe-kuh-und-co.de\/wp-content\/uploads\/2023\/11\/alexa4-300x169.jpg 300w, https:\/\/lebenshilfe-kuh-und-co.de\/wp-content\/uploads\/2023\/11\/alexa4.jpg 614w\" sizes=\"(max-width: 300px) 100vw, 300px\" \/>\t\t\t\t\t\t\t\t\t\t\t\t\t\t\t<\/div>\n\t\t\t\t<\/div>\n\t\t\t\t<\/div>\n\t\t<div class=\"elementor-element elementor-element-75a81b89 e-con-full e-flex e-con e-child\" data-id=\"75a81b89\" data-element_type=\"container\" data-e-type=\"container\">\n\t\t\t\t<div class=\"elementor-element elementor-element-b98e63c elementor-widget elementor-widget-image\" data-id=\"b98e63c\" data-element_type=\"widget\" data-e-type=\"widget\" data-widget_type=\"image.default\">\n\t\t\t\t<div class=\"elementor-widget-container\">\n\t\t\t\t\t\t\t\t\t\t\t\t\t\t\t<img loading=\"lazy\" decoding=\"async\" width=\"300\" height=\"169\" src=\"https:\/\/lebenshilfe-kuh-und-co.de\/wp-content\/uploads\/2023\/11\/alexa3-300x169.jpg\" class=\"attachment-medium size-medium wp-image-2932\" alt=\"Die Geschichte von Alexa und Omi\" srcset=\"https:\/\/lebenshilfe-kuh-und-co.de\/wp-content\/uploads\/2023\/11\/alexa3-300x169.jpg 300w, https:\/\/lebenshilfe-kuh-und-co.de\/wp-content\/uploads\/2023\/11\/alexa3.jpg 614w\" sizes=\"(max-width: 300px) 100vw, 300px\" \/>\t\t\t\t\t\t\t\t\t\t\t\t\t\t\t<\/div>\n\t\t\t\t<\/div>\n\t\t\t\t<\/div>\n\t\t\t\t\t<\/div>\n\t\t\t\t<\/div>\n\t\t\t\t<section class=\"elementor-section elementor-top-section elementor-element elementor-element-56c32d4 elementor-section-content-middle elementor-section-boxed elementor-section-height-default elementor-section-height-default\" data-id=\"56c32d4\" data-element_type=\"section\" data-e-type=\"section\" data-settings=\"{&quot;background_background&quot;:&quot;classic&quot;}\">\n\t\t\t\t\t\t<div class=\"elementor-container elementor-column-gap-default\">\n\t\t\t\t\t<div class=\"elementor-column elementor-col-100 elementor-top-column elementor-element elementor-element-e3a67b6\" data-id=\"e3a67b6\" data-element_type=\"column\" data-e-type=\"column\">\n\t\t\t<div class=\"elementor-widget-wrap elementor-element-populated\">\n\t\t\t\t\t\t<div class=\"elementor-element elementor-element-4a539171 elementor-widget elementor-widget-heading\" data-id=\"4a539171\" data-element_type=\"widget\" data-e-type=\"widget\" data-widget_type=\"heading.default\">\n\t\t\t\t<div class=\"elementor-widget-container\">\n\t\t\t\t\t<h2 class=\"elementor-heading-title elementor-size-default\">Unterst\u00fctze unsere Mission<\/h2>\t\t\t\t<\/div>\n\t\t\t\t<\/div>\n\t\t\t\t<div class=\"elementor-element elementor-element-485ee177 elementor-widget elementor-widget-text-editor\" data-id=\"485ee177\" data-element_type=\"widget\" data-e-type=\"widget\" data-widget_type=\"text-editor.default\">\n\t\t\t\t<div class=\"elementor-widget-container\">\n\t\t\t\t\t\t\t\t\t<p>Du m\u00f6chtest uns unterst\u00fctzen? Dazu gibt es viele M\u00f6glichkeiten. Von Spenden, Patenschaften \u00fcber eine Vereinsmitgliedschaft. Wir sind f\u00fcr jegliche Unterst\u00fctzung dankbar.<\/p>\t\t\t\t\t\t\t\t<\/div>\n\t\t\t\t<\/div>\n\t\t\t\t<div class=\"elementor-element elementor-element-35ba0a95 elementor-align-center elementor-widget elementor-widget-button\" data-id=\"35ba0a95\" data-element_type=\"widget\" data-e-type=\"widget\" data-widget_type=\"button.default\">\n\t\t\t\t<div class=\"elementor-widget-container\">\n\t\t\t\t\t\t\t\t\t<div class=\"elementor-button-wrapper\">\n\t\t\t\t\t<a class=\"elementor-button elementor-button-link elementor-size-sm\" href=\"https:\/\/lebenshilfe-kuh-und-co.de\/index.php\/wie-kann-ich-helfen\/\">\n\t\t\t\t\t\t<span class=\"elementor-button-content-wrapper\">\n\t\t\t\t\t\t\t\t\t<span class=\"elementor-button-text\">Ja ich m\u00f6chte helfen<\/span>\n\t\t\t\t\t<\/span>\n\t\t\t\t\t<\/a>\n\t\t\t\t<\/div>\n\t\t\t\t\t\t\t\t<\/div>\n\t\t\t\t<\/div>\n\t\t\t\t\t<\/div>\n\t\t<\/div>\n\t\t\t\t\t<\/div>\n\t\t<\/section>\n\t\t\t\t<\/div>\n\t\t","protected":false},"excerpt":{"rendered":"<p>Alexa Alexa kam im Juni 2018 zusammen mit ihrer Mutter Omi, Perle und Ronja zu uns, nachdem sich die Vereine Rettet das Huhn e.V., Lebenshof Wildehilde und Lebenshilfe Kuh &amp; Co e.V. beschlossen hatten, gemeinsam zun\u00e4chst eine Kuh vor der Schlachtung zu retten. Nach einem Aufruf meldeten sich so viele Menschen f\u00fcr Patenschaften und die &hellip;<\/p>\n<p class=\"read-more\"> <a class=\"\" href=\"https:\/\/lebenshilfe-kuh-und-co.de\/index.php\/die-geschichte-von-alexa\/\"> <span class=\"screen-reader-text\">Alexa<\/span> Weiterlesen &raquo;<\/a><\/p>\n","protected":false},"author":1,"featured_media":0,"parent":0,"menu_order":0,"comment_status":"closed","ping_status":"closed","template":"","meta":{"site-sidebar-layout":"no-sidebar","site-content-layout":"page-builder","ast-site-content-layout":"full-width-container","site-content-style":"default","site-sidebar-style":"default","ast-global-header-display":"","ast-banner-title-visibility":"","ast-main-header-display":"","ast-hfb-above-header-display":"","ast-hfb-below-header-display":"","ast-hfb-mobile-header-display":"","site-post-title":"disabled","ast-breadcrumbs-content":"","ast-featured-img":"disabled","footer-sml-layout":"","theme-transparent-header-meta":"","adv-header-id-meta":"","stick-header-meta":"","header-above-stick-meta":"","header-main-stick-meta":"","header-below-stick-meta":"","astra-migrate-meta-layouts":"set","footnotes":""},"class_list":["post-2925","page","type-page","status-publish","hentry"],"yoast_head":"<!-- This site is optimized with the Yoast SEO plugin v21.5 - https:\/\/yoast.com\/wordpress\/plugins\/seo\/ -->\n<title>Alexa - Lebenshilfe Kuh und Co e.V.<\/title>\n<meta name=\"description\" content=\"Erfahre die Geschichte von Alexa, die zusammen mir ihrer Mutter Omi sowie Perle und Ronja zu uns kam und nun in Freiheit lebt.\" \/>\n<meta name=\"robots\" content=\"index, follow, max-snippet:-1, max-image-preview:large, max-video-preview:-1\" \/>\n<link rel=\"canonical\" href=\"https:\/\/lebenshilfe-kuh-und-co.de\/index.php\/die-geschichte-von-alexa\/\" \/>\n<meta property=\"og:locale\" content=\"de_DE\" \/>\n<meta property=\"og:type\" content=\"article\" \/>\n<meta property=\"og:title\" content=\"Alexa - Lebenshilfe Kuh und Co e.V.\" \/>\n<meta property=\"og:description\" content=\"Erfahre die Geschichte von Alexa, die zusammen mir ihrer Mutter Omi sowie Perle und Ronja zu uns kam und nun in Freiheit lebt.\" \/>\n<meta property=\"og:url\" content=\"https:\/\/lebenshilfe-kuh-und-co.de\/index.php\/die-geschichte-von-alexa\/\" \/>\n<meta property=\"og:site_name\" content=\"Lebenshilfe Kuh und Co e.V.\" \/>\n<meta property=\"article:publisher\" content=\"https:\/\/www.facebook.com\/lebenshilfekuhundco\" \/>\n<meta property=\"article:modified_time\" content=\"2023-12-06T12:10:05+00:00\" \/>\n<meta property=\"og:image\" content=\"https:\/\/lebenshilfe-kuh-und-co.de\/wp-content\/uploads\/2023\/11\/alexa4.jpg\" \/>\n<meta name=\"twitter:card\" content=\"summary_large_image\" \/>\n<meta name=\"twitter:label1\" content=\"Gesch\u00e4tzte Lesezeit\" \/>\n\t<meta name=\"twitter:data1\" content=\"2\u00a0Minuten\" \/>\n<script type=\"application\/ld+json\" class=\"yoast-schema-graph\">{\"@context\":\"https:\/\/schema.org\",\"@graph\":[{\"@type\":\"WebPage\",\"@id\":\"https:\/\/lebenshilfe-kuh-und-co.de\/index.php\/die-geschichte-von-alexa\/\",\"url\":\"https:\/\/lebenshilfe-kuh-und-co.de\/index.php\/die-geschichte-von-alexa\/\",\"name\":\"Alexa - Lebenshilfe Kuh und Co e.V.\",\"isPartOf\":{\"@id\":\"https:\/\/lebenshilfe-kuh-und-co.de\/#website\"},\"datePublished\":\"2023-11-29T09:26:03+00:00\",\"dateModified\":\"2023-12-06T12:10:05+00:00\",\"description\":\"Erfahre die Geschichte von Alexa, die zusammen mir ihrer Mutter Omi sowie Perle und Ronja zu uns kam und nun in Freiheit lebt.\",\"breadcrumb\":{\"@id\":\"https:\/\/lebenshilfe-kuh-und-co.de\/index.php\/die-geschichte-von-alexa\/#breadcrumb\"},\"inLanguage\":\"de\",\"potentialAction\":[{\"@type\":\"ReadAction\",\"target\":[\"https:\/\/lebenshilfe-kuh-und-co.de\/index.php\/die-geschichte-von-alexa\/\"]}]},{\"@type\":\"BreadcrumbList\",\"@id\":\"https:\/\/lebenshilfe-kuh-und-co.de\/index.php\/die-geschichte-von-alexa\/#breadcrumb\",\"itemListElement\":[{\"@type\":\"ListItem\",\"position\":1,\"name\":\"Home\",\"item\":\"https:\/\/lebenshilfe-kuh-und-co.de\/\"},{\"@type\":\"ListItem\",\"position\":2,\"name\":\"Alexa\"}]},{\"@type\":\"WebSite\",\"@id\":\"https:\/\/lebenshilfe-kuh-und-co.de\/#website\",\"url\":\"https:\/\/lebenshilfe-kuh-und-co.de\/\",\"name\":\"Lebenshilfe Kuh und Co e.V.\",\"description\":\"Gemeinsam ein Licht in die St\u00e4lle tragen\",\"publisher\":{\"@id\":\"https:\/\/lebenshilfe-kuh-und-co.de\/#organization\"},\"potentialAction\":[{\"@type\":\"SearchAction\",\"target\":{\"@type\":\"EntryPoint\",\"urlTemplate\":\"https:\/\/lebenshilfe-kuh-und-co.de\/?s={search_term_string}\"},\"query-input\":\"required name=search_term_string\"}],\"inLanguage\":\"de\"},{\"@type\":\"Organization\",\"@id\":\"https:\/\/lebenshilfe-kuh-und-co.de\/#organization\",\"name\":\"Lebenshilfe Kuh und Co e.V.\",\"url\":\"https:\/\/lebenshilfe-kuh-und-co.de\/\",\"logo\":{\"@type\":\"ImageObject\",\"inLanguage\":\"de\",\"@id\":\"https:\/\/lebenshilfe-kuh-und-co.de\/#\/schema\/logo\/image\/\",\"url\":\"https:\/\/lebenshilfe-kuh-und-co.de\/wp-content\/uploads\/2023\/10\/cropped-cropped-lebenshilfe-logo.png\",\"contentUrl\":\"https:\/\/lebenshilfe-kuh-und-co.de\/wp-content\/uploads\/2023\/10\/cropped-cropped-lebenshilfe-logo.png\",\"width\":451,\"height\":164,\"caption\":\"Lebenshilfe Kuh und Co e.V.\"},\"image\":{\"@id\":\"https:\/\/lebenshilfe-kuh-und-co.de\/#\/schema\/logo\/image\/\"},\"sameAs\":[\"https:\/\/www.facebook.com\/lebenshilfekuhundco\",\"https:\/\/www.instagram.com\/lebenshilfekuhundcoev\/\"]}]}<\/script>\n<!-- \/ Yoast SEO plugin. -->","yoast_head_json":{"title":"Alexa - Lebenshilfe Kuh und Co e.V.","description":"Erfahre die Geschichte von Alexa, die zusammen mir ihrer Mutter Omi sowie Perle und Ronja zu uns kam und nun in Freiheit lebt.","robots":{"index":"index","follow":"follow","max-snippet":"max-snippet:-1","max-image-preview":"max-image-preview:large","max-video-preview":"max-video-preview:-1"},"canonical":"https:\/\/lebenshilfe-kuh-und-co.de\/index.php\/die-geschichte-von-alexa\/","og_locale":"de_DE","og_type":"article","og_title":"Alexa - Lebenshilfe Kuh und Co e.V.","og_description":"Erfahre die Geschichte von Alexa, die zusammen mir ihrer Mutter Omi sowie Perle und Ronja zu uns kam und nun in Freiheit lebt.","og_url":"https:\/\/lebenshilfe-kuh-und-co.de\/index.php\/die-geschichte-von-alexa\/","og_site_name":"Lebenshilfe Kuh und Co e.V.","article_publisher":"https:\/\/www.facebook.com\/lebenshilfekuhundco","article_modified_time":"2023-12-06T12:10:05+00:00","og_image":[{"url":"https:\/\/lebenshilfe-kuh-und-co.de\/wp-content\/uploads\/2023\/11\/alexa4.jpg"}],"twitter_card":"summary_large_image","twitter_misc":{"Gesch\u00e4tzte Lesezeit":"2\u00a0Minuten"},"schema":{"@context":"https:\/\/schema.org","@graph":[{"@type":"WebPage","@id":"https:\/\/lebenshilfe-kuh-und-co.de\/index.php\/die-geschichte-von-alexa\/","url":"https:\/\/lebenshilfe-kuh-und-co.de\/index.php\/die-geschichte-von-alexa\/","name":"Alexa - Lebenshilfe Kuh und Co e.V.","isPartOf":{"@id":"https:\/\/lebenshilfe-kuh-und-co.de\/#website"},"datePublished":"2023-11-29T09:26:03+00:00","dateModified":"2023-12-06T12:10:05+00:00","description":"Erfahre die Geschichte von Alexa, die zusammen mir ihrer Mutter Omi sowie Perle und Ronja zu uns kam und nun in Freiheit lebt.","breadcrumb":{"@id":"https:\/\/lebenshilfe-kuh-und-co.de\/index.php\/die-geschichte-von-alexa\/#breadcrumb"},"inLanguage":"de","potentialAction":[{"@type":"ReadAction","target":["https:\/\/lebenshilfe-kuh-und-co.de\/index.php\/die-geschichte-von-alexa\/"]}]},{"@type":"BreadcrumbList","@id":"https:\/\/lebenshilfe-kuh-und-co.de\/index.php\/die-geschichte-von-alexa\/#breadcrumb","itemListElement":[{"@type":"ListItem","position":1,"name":"Home","item":"https:\/\/lebenshilfe-kuh-und-co.de\/"},{"@type":"ListItem","position":2,"name":"Alexa"}]},{"@type":"WebSite","@id":"https:\/\/lebenshilfe-kuh-und-co.de\/#website","url":"https:\/\/lebenshilfe-kuh-und-co.de\/","name":"Lebenshilfe Kuh und Co e.V.","description":"Gemeinsam ein Licht in die St\u00e4lle tragen","publisher":{"@id":"https:\/\/lebenshilfe-kuh-und-co.de\/#organization"},"potentialAction":[{"@type":"SearchAction","target":{"@type":"EntryPoint","urlTemplate":"https:\/\/lebenshilfe-kuh-und-co.de\/?s={search_term_string}"},"query-input":"required name=search_term_string"}],"inLanguage":"de"},{"@type":"Organization","@id":"https:\/\/lebenshilfe-kuh-und-co.de\/#organization","name":"Lebenshilfe Kuh und Co e.V.","url":"https:\/\/lebenshilfe-kuh-und-co.de\/","logo":{"@type":"ImageObject","inLanguage":"de","@id":"https:\/\/lebenshilfe-kuh-und-co.de\/#\/schema\/logo\/image\/","url":"https:\/\/lebenshilfe-kuh-und-co.de\/wp-content\/uploads\/2023\/10\/cropped-cropped-lebenshilfe-logo.png","contentUrl":"https:\/\/lebenshilfe-kuh-und-co.de\/wp-content\/uploads\/2023\/10\/cropped-cropped-lebenshilfe-logo.png","width":451,"height":164,"caption":"Lebenshilfe Kuh und Co e.V."},"image":{"@id":"https:\/\/lebenshilfe-kuh-und-co.de\/#\/schema\/logo\/image\/"},"sameAs":["https:\/\/www.facebook.com\/lebenshilfekuhundco","https:\/\/www.instagram.com\/lebenshilfekuhundcoev\/"]}]}},"_links":{"self":[{"href":"https:\/\/lebenshilfe-kuh-und-co.de\/index.php\/wp-json\/wp\/v2\/pages\/2925","targetHints":{"allow":["GET"]}}],"collection":[{"href":"https:\/\/lebenshilfe-kuh-und-co.de\/index.php\/wp-json\/wp\/v2\/pages"}],"about":[{"href":"https:\/\/lebenshilfe-kuh-und-co.de\/index.php\/wp-json\/wp\/v2\/types\/page"}],"author":[{"embeddable":true,"href":"https:\/\/lebenshilfe-kuh-und-co.de\/index.php\/wp-json\/wp\/v2\/users\/1"}],"replies":[{"embeddable":true,"href":"https:\/\/lebenshilfe-kuh-und-co.de\/index.php\/wp-json\/wp\/v2\/comments?post=2925"}],"version-history":[{"count":26,"href":"https:\/\/lebenshilfe-kuh-und-co.de\/index.php\/wp-json\/wp\/v2\/pages\/2925\/revisions"}],"predecessor-version":[{"id":3541,"href":"https:\/\/lebenshilfe-kuh-und-co.de\/index.php\/wp-json\/wp\/v2\/pages\/2925\/revisions\/3541"}],"wp:attachment":[{"href":"https:\/\/lebenshilfe-kuh-und-co.de\/index.php\/wp-json\/wp\/v2\/media?parent=2925"}],"curies":[{"name":"wp","href":"https:\/\/api.w.org\/{rel}","templated":true}]}}