{"id":3974,"date":"2026-01-25T16:06:32","date_gmt":"2026-01-25T16:06:32","guid":{"rendered":"https:\/\/lebenshilfe-kuh-und-co.de\/?page_id=3974"},"modified":"2026-01-25T16:14:47","modified_gmt":"2026-01-25T16:14:47","slug":"newsletter","status":"publish","type":"page","link":"https:\/\/lebenshilfe-kuh-und-co.de\/index.php\/newsletter\/","title":{"rendered":"Newsletter"},"content":{"rendered":"\t\t<div data-elementor-type=\"wp-page\" data-elementor-id=\"3974\" class=\"elementor elementor-3974\">\n\t\t\t\t\t\t<section class=\"elementor-section elementor-top-section elementor-element elementor-element-63cb2e32 elementor-section-height-min-height elementor-section-boxed elementor-section-height-default elementor-section-items-middle\" data-id=\"63cb2e32\" data-element_type=\"section\" data-e-type=\"section\" data-settings=\"{&quot;background_background&quot;:&quot;classic&quot;}\">\n\t\t\t\t\t\t\t<div class=\"elementor-background-overlay\"><\/div>\n\t\t\t\t\t\t\t<div class=\"elementor-container elementor-column-gap-default\">\n\t\t\t\t\t<div class=\"elementor-column elementor-col-100 elementor-top-column elementor-element elementor-element-4ad6885f\" data-id=\"4ad6885f\" data-element_type=\"column\" data-e-type=\"column\">\n\t\t\t<div class=\"elementor-widget-wrap elementor-element-populated\">\n\t\t\t\t\t\t<div class=\"elementor-element elementor-element-67dcf779 elementor-widget elementor-widget-heading\" data-id=\"67dcf779\" data-element_type=\"widget\" data-e-type=\"widget\" data-widget_type=\"heading.default\">\n\t\t\t\t<div class=\"elementor-widget-container\">\n\t\t\t\t\t<h1 class=\"elementor-heading-title elementor-size-default\">Kuuhler Newsletter <\/h1>\t\t\t\t<\/div>\n\t\t\t\t<\/div>\n\t\t\t\t\t<\/div>\n\t\t<\/div>\n\t\t\t\t\t<\/div>\n\t\t<\/section>\n\t\t<div class=\"elementor-element elementor-element-b40e683 e-flex e-con-boxed e-con e-parent\" data-id=\"b40e683\" data-element_type=\"container\" data-e-type=\"container\">\n\t\t\t\t\t<div class=\"e-con-inner\">\n\t\t<div class=\"elementor-element elementor-element-7456b0e e-con-full e-flex e-con e-child\" data-id=\"7456b0e\" data-element_type=\"container\" data-e-type=\"container\">\n\t\t\t\t<div class=\"elementor-element elementor-element-37c120d elementor-widget elementor-widget-heading\" data-id=\"37c120d\" data-element_type=\"widget\" data-e-type=\"widget\" data-widget_type=\"heading.default\">\n\t\t\t\t<div class=\"elementor-widget-container\">\n\t\t\t\t\t<h2 class=\"elementor-heading-title elementor-size-default\"><br><h2 data-elementor-setting-key=\"title\" data-pen-placeholder=\"Eingabe hier...\" style=\"font-style: normal\"><span style=\"font-style: inherit;font-size: 36px\"><font color=\"#2c541d\">Der Lebenshilfe Kuh &amp; Co Newsletter<\/font><\/span><span style=\"font-size: 2.41176rem;font-style: inherit\"><\/span><\/h2><\/h2>\t\t\t\t<\/div>\n\t\t\t\t<\/div>\n\t\t\t\t<div class=\"elementor-element elementor-element-86d934d elementor-widget elementor-widget-text-editor\" data-id=\"86d934d\" data-element_type=\"widget\" data-e-type=\"widget\" data-widget_type=\"text-editor.default\">\n\t\t\t\t<div class=\"elementor-widget-container\">\n\t\t\t\t\t\t\t\t\t<p>Bleib informiert und begleite unsere Arbeit f\u00fcr mehr Tierwohl und Verantwortung.<\/p><p>\u00a0<\/p><p>Mit unserem Newsletter halten wir dich \u00fcber unsere Vereinsarbeit auf dem Laufenden. Du erf\u00e4hrst, welche Veranstaltungen, Aktionen und Infost\u00e4nde anstehen, welche Tiere wir begleiten und retten konnten und wie du unsere Arbeit aktiv oder passiv unterst\u00fctzen kannst.<\/p><p>\u00a0<\/p><p>Der Newsletter erscheint in unregelm\u00e4\u00dfigen Abst\u00e4nden, ohne Spam und ohne Werbung. Du kannst dich jederzeit wieder abmelden.<\/p>\t\t\t\t\t\t\t\t<\/div>\n\t\t\t\t<\/div>\n\t\t\t\t<\/div>\n\t\t<div class=\"elementor-element elementor-element-dd6eb89 e-con-full e-flex e-con e-child\" data-id=\"dd6eb89\" data-element_type=\"container\" data-e-type=\"container\">\n\t\t\t\t<div class=\"elementor-element elementor-element-961e6ba elementor-widget elementor-widget-html\" data-id=\"961e6ba\" data-element_type=\"widget\" data-e-type=\"widget\" data-widget_type=\"html.default\">\n\t\t\t\t<div class=\"elementor-widget-container\">\n\t\t\t\t\t<script async src=\"https:\/\/eocampaign1.com\/form\/07c9f8b0-fa02-11f0-b05a-7b599f2db40d.js\" data-form=\"07c9f8b0-fa02-11f0-b05a-7b599f2db40d\"><\/script>\t\t\t\t<\/div>\n\t\t\t\t<\/div>\n\t\t\t\t<\/div>\n\t\t\t\t\t<\/div>\n\t\t\t\t<\/div>\n\t\t<div class=\"elementor-element elementor-element-3a7a1562 animated-slow e-flex e-con-boxed elementor-invisible e-con e-parent\" data-id=\"3a7a1562\" data-element_type=\"container\" data-e-type=\"container\" data-settings=\"{&quot;animation&quot;:&quot;fadeInRight&quot;}\">\n\t\t\t\t\t<div class=\"e-con-inner\">\n\t\t<div class=\"elementor-element elementor-element-4eeba826 e-flex e-con-boxed e-con e-child\" data-id=\"4eeba826\" data-element_type=\"container\" data-e-type=\"container\">\n\t\t\t\t\t<div class=\"e-con-inner\">\n\t\t<div class=\"elementor-element elementor-element-5e2ab67 e-con-full e-flex e-con e-child\" data-id=\"5e2ab67\" data-element_type=\"container\" data-e-type=\"container\">\n\t\t\t\t<div class=\"elementor-element elementor-element-76b82577 elementor-invisible elementor-widget elementor-widget-image\" data-id=\"76b82577\" data-element_type=\"widget\" data-e-type=\"widget\" data-settings=\"{&quot;_animation&quot;:&quot;fadeIn&quot;}\" data-widget_type=\"image.default\">\n\t\t\t\t<div class=\"elementor-widget-container\">\n\t\t\t\t\t\t\t\t\t\t\t\t\t\t\t<img fetchpriority=\"high\" decoding=\"async\" width=\"656\" height=\"1024\" src=\"https:\/\/lebenshilfe-kuh-und-co.de\/wp-content\/uploads\/2023\/11\/IMG_20230923_131242-656x1024.jpg\" class=\"attachment-large size-large wp-image-2372\" alt=\"Weide Auf dem Hof Albstadt\" srcset=\"https:\/\/lebenshilfe-kuh-und-co.de\/wp-content\/uploads\/2023\/11\/IMG_20230923_131242-656x1024.jpg 656w, https:\/\/lebenshilfe-kuh-und-co.de\/wp-content\/uploads\/2023\/11\/IMG_20230923_131242-192x300.jpg 192w, https:\/\/lebenshilfe-kuh-und-co.de\/wp-content\/uploads\/2023\/11\/IMG_20230923_131242-768x1199.jpg 768w, https:\/\/lebenshilfe-kuh-und-co.de\/wp-content\/uploads\/2023\/11\/IMG_20230923_131242-984x1536.jpg 984w, https:\/\/lebenshilfe-kuh-und-co.de\/wp-content\/uploads\/2023\/11\/IMG_20230923_131242.jpg 1000w\" sizes=\"(max-width: 656px) 100vw, 656px\" \/>\t\t\t\t\t\t\t\t\t\t\t\t\t\t\t<\/div>\n\t\t\t\t<\/div>\n\t\t\t\t<\/div>\n\t\t<div class=\"elementor-element elementor-element-7e38a215 e-con-full e-flex e-con e-child\" data-id=\"7e38a215\" data-element_type=\"container\" data-e-type=\"container\">\n\t\t\t\t<div class=\"elementor-element elementor-element-7c94a19b elementor-invisible elementor-widget elementor-widget-image\" data-id=\"7c94a19b\" data-element_type=\"widget\" data-e-type=\"widget\" data-settings=\"{&quot;_animation&quot;:&quot;fadeIn&quot;}\" data-widget_type=\"image.default\">\n\t\t\t\t<div class=\"elementor-widget-container\">\n\t\t\t\t\t\t\t\t\t\t\t\t\t\t\t<img decoding=\"async\" width=\"403\" height=\"600\" src=\"https:\/\/lebenshilfe-kuh-und-co.de\/wp-content\/uploads\/2023\/10\/300032991_1773989066281403_6488034373899705847_n.jpg\" class=\"attachment-large size-large wp-image-1859\" alt=\"Tiere auf dem Hof in Albstadt\" srcset=\"https:\/\/lebenshilfe-kuh-und-co.de\/wp-content\/uploads\/2023\/10\/300032991_1773989066281403_6488034373899705847_n.jpg 403w, https:\/\/lebenshilfe-kuh-und-co.de\/wp-content\/uploads\/2023\/10\/300032991_1773989066281403_6488034373899705847_n-202x300.jpg 202w\" sizes=\"(max-width: 403px) 100vw, 403px\" \/>\t\t\t\t\t\t\t\t\t\t\t\t\t\t\t<\/div>\n\t\t\t\t<\/div>\n\t\t\t\t<\/div>\n\t\t<div class=\"elementor-element elementor-element-1e55773f e-con-full e-flex e-con e-child\" data-id=\"1e55773f\" data-element_type=\"container\" data-e-type=\"container\">\n\t\t\t\t<div class=\"elementor-element elementor-element-7912b683 elementor-invisible elementor-widget elementor-widget-image\" data-id=\"7912b683\" data-element_type=\"widget\" data-e-type=\"widget\" data-settings=\"{&quot;_animation&quot;:&quot;fadeIn&quot;}\" data-widget_type=\"image.default\">\n\t\t\t\t<div class=\"elementor-widget-container\">\n\t\t\t\t\t\t\t\t\t\t\t\t\t\t\t<img decoding=\"async\" width=\"656\" height=\"1024\" src=\"https:\/\/lebenshilfe-kuh-und-co.de\/wp-content\/uploads\/2023\/11\/IMG_20230923_131242-2-656x1024.jpg\" class=\"attachment-large size-large wp-image-2377\" alt=\"Tiere auf dem Hof in Albstadt\" srcset=\"https:\/\/lebenshilfe-kuh-und-co.de\/wp-content\/uploads\/2023\/11\/IMG_20230923_131242-2-656x1024.jpg 656w, https:\/\/lebenshilfe-kuh-und-co.de\/wp-content\/uploads\/2023\/11\/IMG_20230923_131242-2-192x300.jpg 192w, https:\/\/lebenshilfe-kuh-und-co.de\/wp-content\/uploads\/2023\/11\/IMG_20230923_131242-2-768x1199.jpg 768w, https:\/\/lebenshilfe-kuh-und-co.de\/wp-content\/uploads\/2023\/11\/IMG_20230923_131242-2-984x1536.jpg 984w, https:\/\/lebenshilfe-kuh-und-co.de\/wp-content\/uploads\/2023\/11\/IMG_20230923_131242-2.jpg 1000w\" sizes=\"(max-width: 656px) 100vw, 656px\" \/>\t\t\t\t\t\t\t\t\t\t\t\t\t\t\t<\/div>\n\t\t\t\t<\/div>\n\t\t\t\t<\/div>\n\t\t<div class=\"elementor-element elementor-element-1b4e4937 e-con-full e-flex e-con e-child\" data-id=\"1b4e4937\" data-element_type=\"container\" data-e-type=\"container\">\n\t\t\t\t<div class=\"elementor-element elementor-element-760c83aa elementor-invisible elementor-widget elementor-widget-image\" data-id=\"760c83aa\" data-element_type=\"widget\" data-e-type=\"widget\" data-settings=\"{&quot;_animation&quot;:&quot;fadeIn&quot;}\" data-widget_type=\"image.default\">\n\t\t\t\t<div class=\"elementor-widget-container\">\n\t\t\t\t\t\t\t\t\t\t\t\t\t\t\t<img loading=\"lazy\" decoding=\"async\" width=\"1024\" height=\"986\" src=\"https:\/\/lebenshilfe-kuh-und-co.de\/wp-content\/uploads\/2023\/11\/IMG_20230923_135643-3-1024x986.jpg\" class=\"attachment-large size-large wp-image-2382\" alt=\"Hinterw\u00e4lder auf dem Hof in Albstadt\" srcset=\"https:\/\/lebenshilfe-kuh-und-co.de\/wp-content\/uploads\/2023\/11\/IMG_20230923_135643-3-1024x986.jpg 1024w, https:\/\/lebenshilfe-kuh-und-co.de\/wp-content\/uploads\/2023\/11\/IMG_20230923_135643-3-300x289.jpg 300w, https:\/\/lebenshilfe-kuh-und-co.de\/wp-content\/uploads\/2023\/11\/IMG_20230923_135643-3-768x740.jpg 768w, https:\/\/lebenshilfe-kuh-und-co.de\/wp-content\/uploads\/2023\/11\/IMG_20230923_135643-3-1536x1479.jpg 1536w, https:\/\/lebenshilfe-kuh-und-co.de\/wp-content\/uploads\/2023\/11\/IMG_20230923_135643-3.jpg 1601w\" sizes=\"(max-width: 1024px) 100vw, 1024px\" \/>\t\t\t\t\t\t\t\t\t\t\t\t\t\t\t<\/div>\n\t\t\t\t<\/div>\n\t\t\t\t<\/div>\n\t\t\t\t\t<\/div>\n\t\t\t\t<\/div>\n\t\t\t\t\t<\/div>\n\t\t\t\t<\/div>\n\t\t\t\t<section class=\"elementor-section elementor-top-section elementor-element elementor-element-680653e7 elementor-section-content-middle animated-slow elementor-section-boxed elementor-section-height-default elementor-section-height-default elementor-invisible\" data-id=\"680653e7\" data-element_type=\"section\" data-e-type=\"section\" data-settings=\"{&quot;background_background&quot;:&quot;classic&quot;,&quot;animation&quot;:&quot;fadeIn&quot;}\">\n\t\t\t\t\t\t<div class=\"elementor-container elementor-column-gap-default\">\n\t\t\t\t\t<div class=\"elementor-column elementor-col-100 elementor-top-column elementor-element elementor-element-480e538e\" data-id=\"480e538e\" data-element_type=\"column\" data-e-type=\"column\">\n\t\t\t<div class=\"elementor-widget-wrap elementor-element-populated\">\n\t\t\t\t\t\t<div class=\"elementor-element elementor-element-20248d3a elementor-widget__width-initial elementor-widget elementor-widget-heading\" data-id=\"20248d3a\" data-element_type=\"widget\" data-e-type=\"widget\" data-widget_type=\"heading.default\">\n\t\t\t\t<div class=\"elementor-widget-container\">\n\t\t\t\t\t<h2 class=\"elementor-heading-title elementor-size-default\">Entdecke unsere H\u00f6fe<\/h2>\t\t\t\t<\/div>\n\t\t\t\t<\/div>\n\t\t\t\t<div class=\"elementor-element elementor-element-7cfa3e29 elementor-widget elementor-widget-text-editor\" data-id=\"7cfa3e29\" data-element_type=\"widget\" data-e-type=\"widget\" data-widget_type=\"text-editor.default\">\n\t\t\t\t<div class=\"elementor-widget-container\">\n\t\t\t\t\t\t\t\t\t<p>Du m\u00f6chtest mehr \u00fcber unsere Tiere erfahren? Erkunden jetzt unsere anderen 3 H\u00f6fe.<\/p>\t\t\t\t\t\t\t\t<\/div>\n\t\t\t\t<\/div>\n\t\t\t\t<div class=\"elementor-element elementor-element-66331799 elementor-align-center elementor-widget elementor-widget-button\" data-id=\"66331799\" data-element_type=\"widget\" data-e-type=\"widget\" data-widget_type=\"button.default\">\n\t\t\t\t<div class=\"elementor-widget-container\">\n\t\t\t\t\t\t\t\t\t<div class=\"elementor-button-wrapper\">\n\t\t\t\t\t<a class=\"elementor-button elementor-button-link elementor-size-sm\" href=\"https:\/\/new.lebenshilfe-kuh-und-co.de\/index.php\/herde-besucher\/\">\n\t\t\t\t\t\t<span class=\"elementor-button-content-wrapper\">\n\t\t\t\t\t\t\t\t\t<span class=\"elementor-button-text\">Zur Hof\u00fcbersicht<\/span>\n\t\t\t\t\t<\/span>\n\t\t\t\t\t<\/a>\n\t\t\t\t<\/div>\n\t\t\t\t\t\t\t\t<\/div>\n\t\t\t\t<\/div>\n\t\t\t\t\t<\/div>\n\t\t<\/div>\n\t\t\t\t\t<\/div>\n\t\t<\/section>\n\t\t\t\t<\/div>\n\t\t","protected":false},"excerpt":{"rendered":"<p>Kuuhler Newsletter Der Lebenshilfe Kuh &amp; Co Newsletter Bleib informiert und begleite unsere Arbeit f\u00fcr mehr Tierwohl und Verantwortung. \u00a0 Mit unserem Newsletter halten wir dich \u00fcber unsere Vereinsarbeit auf dem Laufenden. Du erf\u00e4hrst, welche Veranstaltungen, Aktionen und Infost\u00e4nde anstehen, welche Tiere wir begleiten und retten konnten und wie du unsere Arbeit aktiv oder passiv &hellip;<\/p>\n<p class=\"read-more\"> <a class=\"\" href=\"https:\/\/lebenshilfe-kuh-und-co.de\/index.php\/newsletter\/\"> <span class=\"screen-reader-text\">Newsletter<\/span> Weiterlesen &raquo;<\/a><\/p>\n","protected":false},"author":2,"featured_media":0,"parent":0,"menu_order":0,"comment_status":"closed","ping_status":"closed","template":"","meta":{"site-sidebar-layout":"no-sidebar","site-content-layout":"page-builder","ast-site-content-layout":"full-width-container","site-content-style":"default","site-sidebar-style":"default","ast-global-header-display":"","ast-banner-title-visibility":"","ast-main-header-display":"","ast-hfb-above-header-display":"","ast-hfb-below-header-display":"","ast-hfb-mobile-header-display":"","site-post-title":"disabled","ast-breadcrumbs-content":"","ast-featured-img":"disabled","footer-sml-layout":"","theme-transparent-header-meta":"","adv-header-id-meta":"","stick-header-meta":"","header-above-stick-meta":"","header-main-stick-meta":"","header-below-stick-meta":"","astra-migrate-meta-layouts":"","footnotes":""},"class_list":["post-3974","page","type-page","status-publish","hentry"],"yoast_head":"<!-- This site is optimized with the Yoast SEO plugin v21.5 - https:\/\/yoast.com\/wordpress\/plugins\/seo\/ -->\n<title>Newsletter - Lebenshilfe Kuh und Co e.V.<\/title>\n<meta name=\"robots\" content=\"index, follow, max-snippet:-1, max-image-preview:large, max-video-preview:-1\" \/>\n<link rel=\"canonical\" href=\"https:\/\/lebenshilfe-kuh-und-co.de\/index.php\/newsletter\/\" \/>\n<meta property=\"og:locale\" content=\"de_DE\" \/>\n<meta property=\"og:type\" content=\"article\" \/>\n<meta property=\"og:title\" content=\"Newsletter - Lebenshilfe Kuh und Co e.V.\" \/>\n<meta property=\"og:description\" content=\"Kuuhler Newsletter Der Lebenshilfe Kuh &amp; Co Newsletter Bleib informiert und begleite unsere Arbeit f\u00fcr mehr Tierwohl und Verantwortung. \u00a0 Mit unserem Newsletter halten wir dich \u00fcber unsere Vereinsarbeit auf dem Laufenden. Du erf\u00e4hrst, welche Veranstaltungen, Aktionen und Infost\u00e4nde anstehen, welche Tiere wir begleiten und retten konnten und wie du unsere Arbeit aktiv oder passiv &hellip; Newsletter Weiterlesen &raquo;\" \/>\n<meta property=\"og:url\" content=\"https:\/\/lebenshilfe-kuh-und-co.de\/index.php\/newsletter\/\" \/>\n<meta property=\"og:site_name\" content=\"Lebenshilfe Kuh und Co e.V.\" \/>\n<meta property=\"article:publisher\" content=\"https:\/\/www.facebook.com\/lebenshilfekuhundco\" \/>\n<meta property=\"article:modified_time\" content=\"2026-01-25T16:14:47+00:00\" \/>\n<meta property=\"og:image\" content=\"https:\/\/lebenshilfe-kuh-und-co.de\/wp-content\/uploads\/2023\/11\/IMG_20230923_131242-656x1024.jpg\" \/>\n<meta name=\"twitter:card\" content=\"summary_large_image\" \/>\n<meta name=\"twitter:label1\" content=\"Gesch\u00e4tzte Lesezeit\" \/>\n\t<meta name=\"twitter:data1\" content=\"2\u00a0Minuten\" \/>\n<script type=\"application\/ld+json\" class=\"yoast-schema-graph\">{\"@context\":\"https:\/\/schema.org\",\"@graph\":[{\"@type\":\"WebPage\",\"@id\":\"https:\/\/lebenshilfe-kuh-und-co.de\/index.php\/newsletter\/\",\"url\":\"https:\/\/lebenshilfe-kuh-und-co.de\/index.php\/newsletter\/\",\"name\":\"Newsletter - Lebenshilfe Kuh und Co e.V.\",\"isPartOf\":{\"@id\":\"https:\/\/lebenshilfe-kuh-und-co.de\/#website\"},\"datePublished\":\"2026-01-25T16:06:32+00:00\",\"dateModified\":\"2026-01-25T16:14:47+00:00\",\"breadcrumb\":{\"@id\":\"https:\/\/lebenshilfe-kuh-und-co.de\/index.php\/newsletter\/#breadcrumb\"},\"inLanguage\":\"de\",\"potentialAction\":[{\"@type\":\"ReadAction\",\"target\":[\"https:\/\/lebenshilfe-kuh-und-co.de\/index.php\/newsletter\/\"]}]},{\"@type\":\"BreadcrumbList\",\"@id\":\"https:\/\/lebenshilfe-kuh-und-co.de\/index.php\/newsletter\/#breadcrumb\",\"itemListElement\":[{\"@type\":\"ListItem\",\"position\":1,\"name\":\"Home\",\"item\":\"https:\/\/lebenshilfe-kuh-und-co.de\/\"},{\"@type\":\"ListItem\",\"position\":2,\"name\":\"Newsletter\"}]},{\"@type\":\"WebSite\",\"@id\":\"https:\/\/lebenshilfe-kuh-und-co.de\/#website\",\"url\":\"https:\/\/lebenshilfe-kuh-und-co.de\/\",\"name\":\"Lebenshilfe Kuh und Co e.V.\",\"description\":\"Gemeinsam ein Licht in die St\u00e4lle tragen\",\"publisher\":{\"@id\":\"https:\/\/lebenshilfe-kuh-und-co.de\/#organization\"},\"potentialAction\":[{\"@type\":\"SearchAction\",\"target\":{\"@type\":\"EntryPoint\",\"urlTemplate\":\"https:\/\/lebenshilfe-kuh-und-co.de\/?s={search_term_string}\"},\"query-input\":\"required name=search_term_string\"}],\"inLanguage\":\"de\"},{\"@type\":\"Organization\",\"@id\":\"https:\/\/lebenshilfe-kuh-und-co.de\/#organization\",\"name\":\"Lebenshilfe Kuh und Co e.V.\",\"url\":\"https:\/\/lebenshilfe-kuh-und-co.de\/\",\"logo\":{\"@type\":\"ImageObject\",\"inLanguage\":\"de\",\"@id\":\"https:\/\/lebenshilfe-kuh-und-co.de\/#\/schema\/logo\/image\/\",\"url\":\"https:\/\/lebenshilfe-kuh-und-co.de\/wp-content\/uploads\/2023\/10\/cropped-cropped-lebenshilfe-logo.png\",\"contentUrl\":\"https:\/\/lebenshilfe-kuh-und-co.de\/wp-content\/uploads\/2023\/10\/cropped-cropped-lebenshilfe-logo.png\",\"width\":451,\"height\":164,\"caption\":\"Lebenshilfe Kuh und Co e.V.\"},\"image\":{\"@id\":\"https:\/\/lebenshilfe-kuh-und-co.de\/#\/schema\/logo\/image\/\"},\"sameAs\":[\"https:\/\/www.facebook.com\/lebenshilfekuhundco\",\"https:\/\/www.instagram.com\/lebenshilfekuhundcoev\/\"]}]}<\/script>\n<!-- \/ Yoast SEO plugin. -->","yoast_head_json":{"title":"Newsletter - Lebenshilfe Kuh und Co e.V.","robots":{"index":"index","follow":"follow","max-snippet":"max-snippet:-1","max-image-preview":"max-image-preview:large","max-video-preview":"max-video-preview:-1"},"canonical":"https:\/\/lebenshilfe-kuh-und-co.de\/index.php\/newsletter\/","og_locale":"de_DE","og_type":"article","og_title":"Newsletter - Lebenshilfe Kuh und Co e.V.","og_description":"Kuuhler Newsletter Der Lebenshilfe Kuh &amp; Co Newsletter Bleib informiert und begleite unsere Arbeit f\u00fcr mehr Tierwohl und Verantwortung. \u00a0 Mit unserem Newsletter halten wir dich \u00fcber unsere Vereinsarbeit auf dem Laufenden. Du erf\u00e4hrst, welche Veranstaltungen, Aktionen und Infost\u00e4nde anstehen, welche Tiere wir begleiten und retten konnten und wie du unsere Arbeit aktiv oder passiv &hellip; Newsletter Weiterlesen &raquo;","og_url":"https:\/\/lebenshilfe-kuh-und-co.de\/index.php\/newsletter\/","og_site_name":"Lebenshilfe Kuh und Co e.V.","article_publisher":"https:\/\/www.facebook.com\/lebenshilfekuhundco","article_modified_time":"2026-01-25T16:14:47+00:00","og_image":[{"url":"https:\/\/lebenshilfe-kuh-und-co.de\/wp-content\/uploads\/2023\/11\/IMG_20230923_131242-656x1024.jpg"}],"twitter_card":"summary_large_image","twitter_misc":{"Gesch\u00e4tzte Lesezeit":"2\u00a0Minuten"},"schema":{"@context":"https:\/\/schema.org","@graph":[{"@type":"WebPage","@id":"https:\/\/lebenshilfe-kuh-und-co.de\/index.php\/newsletter\/","url":"https:\/\/lebenshilfe-kuh-und-co.de\/index.php\/newsletter\/","name":"Newsletter - Lebenshilfe Kuh und Co e.V.","isPartOf":{"@id":"https:\/\/lebenshilfe-kuh-und-co.de\/#website"},"datePublished":"2026-01-25T16:06:32+00:00","dateModified":"2026-01-25T16:14:47+00:00","breadcrumb":{"@id":"https:\/\/lebenshilfe-kuh-und-co.de\/index.php\/newsletter\/#breadcrumb"},"inLanguage":"de","potentialAction":[{"@type":"ReadAction","target":["https:\/\/lebenshilfe-kuh-und-co.de\/index.php\/newsletter\/"]}]},{"@type":"BreadcrumbList","@id":"https:\/\/lebenshilfe-kuh-und-co.de\/index.php\/newsletter\/#breadcrumb","itemListElement":[{"@type":"ListItem","position":1,"name":"Home","item":"https:\/\/lebenshilfe-kuh-und-co.de\/"},{"@type":"ListItem","position":2,"name":"Newsletter"}]},{"@type":"WebSite","@id":"https:\/\/lebenshilfe-kuh-und-co.de\/#website","url":"https:\/\/lebenshilfe-kuh-und-co.de\/","name":"Lebenshilfe Kuh und Co e.V.","description":"Gemeinsam ein Licht in die St\u00e4lle tragen","publisher":{"@id":"https:\/\/lebenshilfe-kuh-und-co.de\/#organization"},"potentialAction":[{"@type":"SearchAction","target":{"@type":"EntryPoint","urlTemplate":"https:\/\/lebenshilfe-kuh-und-co.de\/?s={search_term_string}"},"query-input":"required name=search_term_string"}],"inLanguage":"de"},{"@type":"Organization","@id":"https:\/\/lebenshilfe-kuh-und-co.de\/#organization","name":"Lebenshilfe Kuh und Co e.V.","url":"https:\/\/lebenshilfe-kuh-und-co.de\/","logo":{"@type":"ImageObject","inLanguage":"de","@id":"https:\/\/lebenshilfe-kuh-und-co.de\/#\/schema\/logo\/image\/","url":"https:\/\/lebenshilfe-kuh-und-co.de\/wp-content\/uploads\/2023\/10\/cropped-cropped-lebenshilfe-logo.png","contentUrl":"https:\/\/lebenshilfe-kuh-und-co.de\/wp-content\/uploads\/2023\/10\/cropped-cropped-lebenshilfe-logo.png","width":451,"height":164,"caption":"Lebenshilfe Kuh und Co e.V."},"image":{"@id":"https:\/\/lebenshilfe-kuh-und-co.de\/#\/schema\/logo\/image\/"},"sameAs":["https:\/\/www.facebook.com\/lebenshilfekuhundco","https:\/\/www.instagram.com\/lebenshilfekuhundcoev\/"]}]}},"_links":{"self":[{"href":"https:\/\/lebenshilfe-kuh-und-co.de\/index.php\/wp-json\/wp\/v2\/pages\/3974","targetHints":{"allow":["GET"]}}],"collection":[{"href":"https:\/\/lebenshilfe-kuh-und-co.de\/index.php\/wp-json\/wp\/v2\/pages"}],"about":[{"href":"https:\/\/lebenshilfe-kuh-und-co.de\/index.php\/wp-json\/wp\/v2\/types\/page"}],"author":[{"embeddable":true,"href":"https:\/\/lebenshilfe-kuh-und-co.de\/index.php\/wp-json\/wp\/v2\/users\/2"}],"replies":[{"embeddable":true,"href":"https:\/\/lebenshilfe-kuh-und-co.de\/index.php\/wp-json\/wp\/v2\/comments?post=3974"}],"version-history":[{"count":16,"href":"https:\/\/lebenshilfe-kuh-und-co.de\/index.php\/wp-json\/wp\/v2\/pages\/3974\/revisions"}],"predecessor-version":[{"id":3990,"href":"https:\/\/lebenshilfe-kuh-und-co.de\/index.php\/wp-json\/wp\/v2\/pages\/3974\/revisions\/3990"}],"wp:attachment":[{"href":"https:\/\/lebenshilfe-kuh-und-co.de\/index.php\/wp-json\/wp\/v2\/media?parent=3974"}],"curies":[{"name":"wp","href":"https:\/\/api.w.org\/{rel}","templated":true}]}}