{"id":4033,"date":"2026-05-10T15:34:33","date_gmt":"2026-05-10T15:34:33","guid":{"rendered":"https:\/\/lebenshilfe-kuh-und-co.de\/?page_id=4033"},"modified":"2026-05-10T17:43:11","modified_gmt":"2026-05-10T17:43:11","slug":"die-familie-fenja-ludwig-merle","status":"publish","type":"page","link":"https:\/\/lebenshilfe-kuh-und-co.de\/index.php\/die-familie-fenja-ludwig-merle\/","title":{"rendered":"Die Familie Fenja, Ludwig &amp; Merle"},"content":{"rendered":"\t\t<div data-elementor-type=\"wp-page\" data-elementor-id=\"4033\" class=\"elementor elementor-4033\">\n\t\t\t\t\t\t<section class=\"elementor-section elementor-top-section elementor-element elementor-element-478fc29c animated-slow elementor-section-boxed elementor-section-height-default elementor-section-height-default elementor-invisible\" data-id=\"478fc29c\" data-element_type=\"section\" data-e-type=\"section\" data-settings=\"{&quot;animation&quot;:&quot;fadeIn&quot;}\">\n\t\t\t\t\t\t<div class=\"elementor-container elementor-column-gap-wide\">\n\t\t\t\t\t<div class=\"elementor-column elementor-col-50 elementor-top-column elementor-element elementor-element-4b86b909 elementor-invisible\" data-id=\"4b86b909\" data-element_type=\"column\" data-e-type=\"column\" data-settings=\"{&quot;animation&quot;:&quot;fadeIn&quot;}\">\n\t\t\t<div class=\"elementor-widget-wrap elementor-element-populated\">\n\t\t\t\t\t\t<div class=\"elementor-element elementor-element-5ac683b9 elementor-widget elementor-widget-image\" data-id=\"5ac683b9\" data-element_type=\"widget\" data-e-type=\"widget\" data-widget_type=\"image.default\">\n\t\t\t\t<div class=\"elementor-widget-container\">\n\t\t\t\t\t\t\t\t\t\t\t\t\t\t\t<img fetchpriority=\"high\" decoding=\"async\" width=\"932\" height=\"1024\" src=\"https:\/\/lebenshilfe-kuh-und-co.de\/wp-content\/uploads\/2026\/05\/fenja-ludwig-merle2-932x1024.jpeg\" class=\"attachment-large size-large wp-image-4036\" alt=\"\" srcset=\"https:\/\/lebenshilfe-kuh-und-co.de\/wp-content\/uploads\/2026\/05\/fenja-ludwig-merle2-932x1024.jpeg 932w, https:\/\/lebenshilfe-kuh-und-co.de\/wp-content\/uploads\/2026\/05\/fenja-ludwig-merle2-273x300.jpeg 273w, https:\/\/lebenshilfe-kuh-und-co.de\/wp-content\/uploads\/2026\/05\/fenja-ludwig-merle2-768x844.jpeg 768w, https:\/\/lebenshilfe-kuh-und-co.de\/wp-content\/uploads\/2026\/05\/fenja-ludwig-merle2-1398x1536.jpeg 1398w, https:\/\/lebenshilfe-kuh-und-co.de\/wp-content\/uploads\/2026\/05\/fenja-ludwig-merle2.jpeg 1536w\" sizes=\"(max-width: 932px) 100vw, 932px\" \/>\t\t\t\t\t\t\t\t\t\t\t\t\t\t\t<\/div>\n\t\t\t\t<\/div>\n\t\t\t\t\t<\/div>\n\t\t<\/div>\n\t\t\t\t<div class=\"elementor-column elementor-col-50 elementor-top-column elementor-element elementor-element-162de1dc\" data-id=\"162de1dc\" data-element_type=\"column\" data-e-type=\"column\">\n\t\t\t<div class=\"elementor-widget-wrap elementor-element-populated\">\n\t\t\t\t\t\t<div class=\"elementor-element elementor-element-76655ce elementor-widget__width-initial elementor-widget elementor-widget-heading\" data-id=\"76655ce\" data-element_type=\"widget\" data-e-type=\"widget\" data-widget_type=\"heading.default\">\n\t\t\t\t<div class=\"elementor-widget-container\">\n\t\t\t\t\t<h2 class=\"elementor-heading-title elementor-size-default\">Unsere neue Rinderfamilie: Ein Wunder im Wald, ein Zuhause bei uns<\/h2>\t\t\t\t<\/div>\n\t\t\t\t<\/div>\n\t\t\t\t<div class=\"elementor-element elementor-element-31b0c717 elementor-widget elementor-widget-text-editor\" data-id=\"31b0c717\" data-element_type=\"widget\" data-e-type=\"widget\" data-widget_type=\"text-editor.default\">\n\t\t\t\t<div class=\"elementor-widget-container\">\n\t\t\t\t\t\t\t\t\t<p>Wenn ein K\u00e4lbchen mitten in der Nacht im kalten Wald gefunden wird, dann ist das mehr als nur Zufall \u2013 es ist ein Wunder. Ohne die wachsamen Augen von Iris M\u00fcller h\u00e4tte Merle diese Nacht nicht \u00fcberlebt. Doch Iris wusste sofort: Sie wollte nicht nur dieses eine Leben retten. Sie wollte der ganzen Familie ein neues Schicksal schenken.<\/p><p>Der Weg dorthin war lang und steinig. Es waren viele schlaflose N\u00e4chte, intensives Gr\u00fcbeln und unz\u00e4hlige Gespr\u00e4che, bis endlich die richtige Verbindung entstand: Sabine von unserem Verein \u201eLebenshilfe Kuh und Co. e.V.&#8220;. Gemeinsam sorgten Sie daf\u00fcr, dass Merle, ihr Bruder Ludwig und schlie\u00dflich auch ihre Mutter Fenja einen sicheren Hafen finden.<\/p>\t\t\t\t\t\t\t\t<\/div>\n\t\t\t\t<\/div>\n\t\t\t\t\t<\/div>\n\t\t<\/div>\n\t\t\t\t\t<\/div>\n\t\t<\/section>\n\t\t<div class=\"elementor-element elementor-element-15773eb7 e-flex e-con-boxed e-con e-parent\" data-id=\"15773eb7\" data-element_type=\"container\" data-e-type=\"container\">\n\t\t\t\t\t<div class=\"e-con-inner\">\n\t\t\t\t<div class=\"elementor-element elementor-element-457b2296 elementor-widget elementor-widget-text-editor\" data-id=\"457b2296\" data-element_type=\"widget\" data-e-type=\"widget\" data-widget_type=\"text-editor.default\">\n\t\t\t\t<div class=\"elementor-widget-container\">\n\t\t\t\t\t\t\t\t\t<p>Ohne unerm\u00fcdliches Rufen von Mama Fenja in der Dunkelheit, ihren verzweifelten Ruf in den Wald hinein, w\u00e4re Iris nie auf die Spur von Merle gesto\u00dfen. Dass wir nun dank eines verst\u00e4ndnisvollen Landwirts alle drei Tiere \u2013 Mama Fenja, Merle und Ludwig \u2013 bei uns aufnehmen durften, ist f\u00fcr uns ein Geschenk des Schicksals.<\/p>\n<p><\/p>\n<p>Am 22. November 2026 durften wir dieser wunderbaren Familie ein Leben in gemeinsamer Freiheit auf unserem Partnerhof im Obermarchtal schenken. Heute weiden sie sicher und geborgen auf den Weiden, fernab von Gefahr und Angst. F\u00fcr uns ist es die gr\u00f6\u00dfte Best\u00e4tigung, dass unsere Arbeit Sinn macht: Wo einmal Verzweiflung herrschte, gibt es nun ein Zuhause.<\/p>\n<p><br><\/p>\n<p><\/p>\n<p>Willkommen zu Hause, liebe Familie!&nbsp;<\/p><p><br><\/p><p>Ihr m\u00f6chtet eine Partnerschaft abschlie\u00dfen?&nbsp;<a href=\"https:\/\/lebenshilfe-kuh-und-co.de\/index.php\/patenschaft\/\" target=\"_blank\" style=\"background-color: rgb(255, 255, 255); font-size: 1rem;\"><b>Schreibt uns gerne eine Nachricht<\/b>.<\/a><\/p>\t\t\t\t\t\t\t\t<\/div>\n\t\t\t\t<\/div>\n\t\t\t\t\t<\/div>\n\t\t\t\t<\/div>\n\t\t<div class=\"elementor-element elementor-element-7948d584 e-flex e-con-boxed e-con e-parent\" data-id=\"7948d584\" data-element_type=\"container\" data-e-type=\"container\">\n\t\t\t\t\t<div class=\"e-con-inner\">\n\t\t\t\t<div class=\"elementor-element elementor-element-27805998 elementor-arrows-position-outside elementor-pagination-position-outside elementor-widget elementor-widget-image-carousel\" data-id=\"27805998\" data-element_type=\"widget\" data-e-type=\"widget\" data-settings=\"{&quot;slides_to_show&quot;:&quot;2&quot;,&quot;slides_to_scroll&quot;:&quot;3&quot;,&quot;navigation&quot;:&quot;both&quot;,&quot;autoplay&quot;:&quot;yes&quot;,&quot;pause_on_hover&quot;:&quot;yes&quot;,&quot;pause_on_interaction&quot;:&quot;yes&quot;,&quot;autoplay_speed&quot;:5000,&quot;infinite&quot;:&quot;yes&quot;,&quot;speed&quot;:500}\" data-widget_type=\"image-carousel.default\">\n\t\t\t\t<div class=\"elementor-widget-container\">\n\t\t\t\t\t\t\t<div class=\"elementor-image-carousel-wrapper swiper\" role=\"region\" aria-roledescription=\"carousel\" aria-label=\"Bilderkarussell\" dir=\"ltr\">\n\t\t\t<div class=\"elementor-image-carousel swiper-wrapper\" aria-live=\"off\">\n\t\t\t\t\t\t\t\t<div class=\"swiper-slide\" role=\"group\" aria-roledescription=\"slide\" aria-label=\"1 von 3\"><figure class=\"swiper-slide-inner\"><img decoding=\"async\" class=\"swiper-slide-image\" src=\"https:\/\/lebenshilfe-kuh-und-co.de\/wp-content\/uploads\/elementor\/thumbs\/Baby-rgl3j6imcxzvhahg7lpjji1d1q6lhcpy7rk29nbkr6.jpg\" alt=\"Baby\" \/><\/figure><\/div><div class=\"swiper-slide\" role=\"group\" aria-roledescription=\"slide\" aria-label=\"2 von 3\"><figure class=\"swiper-slide-inner\"><img decoding=\"async\" class=\"swiper-slide-image\" src=\"https:\/\/lebenshilfe-kuh-und-co.de\/wp-content\/uploads\/elementor\/thumbs\/fenja-ludwig-merle-rn9bhtpkj6pa4x5w9ra58t1luqs3z0x1zl3vs67avm.jpeg\" alt=\"fenja-ludwig-merle\" \/><\/figure><\/div><div class=\"swiper-slide\" role=\"group\" aria-roledescription=\"slide\" aria-label=\"3 von 3\"><figure class=\"swiper-slide-inner\"><img decoding=\"async\" class=\"swiper-slide-image\" src=\"https:\/\/lebenshilfe-kuh-und-co.de\/wp-content\/uploads\/elementor\/thumbs\/Fenja-rgl2qxh8y7bmj7ir6e37lmomatfg4ukdnxop097io6.jpg\" alt=\"Fenja\" \/><\/figure><\/div>\t\t\t<\/div>\n\t\t\t\t\t\t\t\t\t\t\t\t<div class=\"elementor-swiper-button elementor-swiper-button-prev\" role=\"button\" tabindex=\"0\">\n\t\t\t\t\t\t<i aria-hidden=\"true\" class=\"eicon-chevron-left\"><\/i>\t\t\t\t\t<\/div>\n\t\t\t\t\t<div class=\"elementor-swiper-button elementor-swiper-button-next\" role=\"button\" tabindex=\"0\">\n\t\t\t\t\t\t<i aria-hidden=\"true\" class=\"eicon-chevron-right\"><\/i>\t\t\t\t\t<\/div>\n\t\t\t\t\n\t\t\t\t\t\t\t\t\t<div class=\"swiper-pagination\"><\/div>\n\t\t\t\t\t\t\t\t\t<\/div>\n\t\t\t\t\t\t<\/div>\n\t\t\t\t<\/div>\n\t\t\t\t\t<\/div>\n\t\t\t\t<\/div>\n\t\t\t\t<\/div>\n\t\t","protected":false},"excerpt":{"rendered":"<p>Unsere neue Rinderfamilie: Ein Wunder im Wald, ein Zuhause bei uns Wenn ein K\u00e4lbchen mitten in der Nacht im kalten Wald gefunden wird, dann ist das mehr als nur Zufall \u2013 es ist ein Wunder. Ohne die wachsamen Augen von Iris M\u00fcller h\u00e4tte Merle diese Nacht nicht \u00fcberlebt. Doch Iris wusste sofort: Sie wollte nicht &hellip;<\/p>\n<p class=\"read-more\"> <a class=\"\" href=\"https:\/\/lebenshilfe-kuh-und-co.de\/index.php\/die-familie-fenja-ludwig-merle\/\"> <span class=\"screen-reader-text\">Die Familie Fenja, Ludwig &amp; Merle<\/span> Weiterlesen &raquo;<\/a><\/p>\n","protected":false},"author":2,"featured_media":0,"parent":0,"menu_order":0,"comment_status":"closed","ping_status":"closed","template":"","meta":{"site-sidebar-layout":"no-sidebar","site-content-layout":"page-builder","ast-site-content-layout":"full-width-container","site-content-style":"default","site-sidebar-style":"default","ast-global-header-display":"","ast-banner-title-visibility":"","ast-main-header-display":"","ast-hfb-above-header-display":"","ast-hfb-below-header-display":"","ast-hfb-mobile-header-display":"","site-post-title":"disabled","ast-breadcrumbs-content":"","ast-featured-img":"disabled","footer-sml-layout":"","theme-transparent-header-meta":"","adv-header-id-meta":"","stick-header-meta":"","header-above-stick-meta":"","header-main-stick-meta":"","header-below-stick-meta":"","astra-migrate-meta-layouts":"set","footnotes":""},"class_list":["post-4033","page","type-page","status-publish","hentry"],"yoast_head":"<!-- This site is optimized with the Yoast SEO plugin v21.5 - https:\/\/yoast.com\/wordpress\/plugins\/seo\/ -->\n<title>Die Familie Fenja, Ludwig &amp; Merle - Lebenshilfe Kuh und Co e.V.<\/title>\n<meta name=\"robots\" content=\"index, follow, max-snippet:-1, max-image-preview:large, max-video-preview:-1\" \/>\n<link rel=\"canonical\" href=\"https:\/\/lebenshilfe-kuh-und-co.de\/index.php\/die-familie-fenja-ludwig-merle\/\" \/>\n<meta property=\"og:locale\" content=\"de_DE\" \/>\n<meta property=\"og:type\" content=\"article\" \/>\n<meta property=\"og:title\" content=\"Die Familie Fenja, Ludwig &amp; Merle - Lebenshilfe Kuh und Co e.V.\" \/>\n<meta property=\"og:description\" content=\"Unsere neue Rinderfamilie: Ein Wunder im Wald, ein Zuhause bei uns Wenn ein K\u00e4lbchen mitten in der Nacht im kalten Wald gefunden wird, dann ist das mehr als nur Zufall \u2013 es ist ein Wunder. Ohne die wachsamen Augen von Iris M\u00fcller h\u00e4tte Merle diese Nacht nicht \u00fcberlebt. Doch Iris wusste sofort: Sie wollte nicht &hellip; Die Familie Fenja, Ludwig &amp; Merle Weiterlesen &raquo;\" \/>\n<meta property=\"og:url\" content=\"https:\/\/lebenshilfe-kuh-und-co.de\/index.php\/die-familie-fenja-ludwig-merle\/\" \/>\n<meta property=\"og:site_name\" content=\"Lebenshilfe Kuh und Co e.V.\" \/>\n<meta property=\"article:publisher\" content=\"https:\/\/www.facebook.com\/lebenshilfekuhundco\" \/>\n<meta property=\"article:modified_time\" content=\"2026-05-10T17:43:11+00:00\" \/>\n<meta property=\"og:image\" content=\"https:\/\/lebenshilfe-kuh-und-co.de\/wp-content\/uploads\/2026\/05\/fenja-ludwig-merle2-932x1024.jpeg\" \/>\n<meta name=\"twitter:card\" content=\"summary_large_image\" \/>\n<meta name=\"twitter:label1\" content=\"Gesch\u00e4tzte Lesezeit\" \/>\n\t<meta name=\"twitter:data1\" content=\"3\u00a0Minuten\" \/>\n<script type=\"application\/ld+json\" class=\"yoast-schema-graph\">{\"@context\":\"https:\/\/schema.org\",\"@graph\":[{\"@type\":\"WebPage\",\"@id\":\"https:\/\/lebenshilfe-kuh-und-co.de\/index.php\/die-familie-fenja-ludwig-merle\/\",\"url\":\"https:\/\/lebenshilfe-kuh-und-co.de\/index.php\/die-familie-fenja-ludwig-merle\/\",\"name\":\"Die Familie Fenja, Ludwig &amp; Merle - Lebenshilfe Kuh und Co e.V.\",\"isPartOf\":{\"@id\":\"https:\/\/lebenshilfe-kuh-und-co.de\/#website\"},\"datePublished\":\"2026-05-10T15:34:33+00:00\",\"dateModified\":\"2026-05-10T17:43:11+00:00\",\"breadcrumb\":{\"@id\":\"https:\/\/lebenshilfe-kuh-und-co.de\/index.php\/die-familie-fenja-ludwig-merle\/#breadcrumb\"},\"inLanguage\":\"de\",\"potentialAction\":[{\"@type\":\"ReadAction\",\"target\":[\"https:\/\/lebenshilfe-kuh-und-co.de\/index.php\/die-familie-fenja-ludwig-merle\/\"]}]},{\"@type\":\"BreadcrumbList\",\"@id\":\"https:\/\/lebenshilfe-kuh-und-co.de\/index.php\/die-familie-fenja-ludwig-merle\/#breadcrumb\",\"itemListElement\":[{\"@type\":\"ListItem\",\"position\":1,\"name\":\"Home\",\"item\":\"https:\/\/lebenshilfe-kuh-und-co.de\/\"},{\"@type\":\"ListItem\",\"position\":2,\"name\":\"Die Familie Fenja, Ludwig &amp; Merle\"}]},{\"@type\":\"WebSite\",\"@id\":\"https:\/\/lebenshilfe-kuh-und-co.de\/#website\",\"url\":\"https:\/\/lebenshilfe-kuh-und-co.de\/\",\"name\":\"Lebenshilfe Kuh und Co e.V.\",\"description\":\"Gemeinsam ein Licht in die St\u00e4lle tragen\",\"publisher\":{\"@id\":\"https:\/\/lebenshilfe-kuh-und-co.de\/#organization\"},\"potentialAction\":[{\"@type\":\"SearchAction\",\"target\":{\"@type\":\"EntryPoint\",\"urlTemplate\":\"https:\/\/lebenshilfe-kuh-und-co.de\/?s={search_term_string}\"},\"query-input\":\"required name=search_term_string\"}],\"inLanguage\":\"de\"},{\"@type\":\"Organization\",\"@id\":\"https:\/\/lebenshilfe-kuh-und-co.de\/#organization\",\"name\":\"Lebenshilfe Kuh und Co e.V.\",\"url\":\"https:\/\/lebenshilfe-kuh-und-co.de\/\",\"logo\":{\"@type\":\"ImageObject\",\"inLanguage\":\"de\",\"@id\":\"https:\/\/lebenshilfe-kuh-und-co.de\/#\/schema\/logo\/image\/\",\"url\":\"https:\/\/lebenshilfe-kuh-und-co.de\/wp-content\/uploads\/2023\/10\/cropped-cropped-lebenshilfe-logo.png\",\"contentUrl\":\"https:\/\/lebenshilfe-kuh-und-co.de\/wp-content\/uploads\/2023\/10\/cropped-cropped-lebenshilfe-logo.png\",\"width\":451,\"height\":164,\"caption\":\"Lebenshilfe Kuh und Co e.V.\"},\"image\":{\"@id\":\"https:\/\/lebenshilfe-kuh-und-co.de\/#\/schema\/logo\/image\/\"},\"sameAs\":[\"https:\/\/www.facebook.com\/lebenshilfekuhundco\",\"https:\/\/www.instagram.com\/lebenshilfekuhundcoev\/\"]}]}<\/script>\n<!-- \/ Yoast SEO plugin. -->","yoast_head_json":{"title":"Die Familie Fenja, Ludwig &amp; Merle - Lebenshilfe Kuh und Co e.V.","robots":{"index":"index","follow":"follow","max-snippet":"max-snippet:-1","max-image-preview":"max-image-preview:large","max-video-preview":"max-video-preview:-1"},"canonical":"https:\/\/lebenshilfe-kuh-und-co.de\/index.php\/die-familie-fenja-ludwig-merle\/","og_locale":"de_DE","og_type":"article","og_title":"Die Familie Fenja, Ludwig &amp; Merle - Lebenshilfe Kuh und Co e.V.","og_description":"Unsere neue Rinderfamilie: Ein Wunder im Wald, ein Zuhause bei uns Wenn ein K\u00e4lbchen mitten in der Nacht im kalten Wald gefunden wird, dann ist das mehr als nur Zufall \u2013 es ist ein Wunder. Ohne die wachsamen Augen von Iris M\u00fcller h\u00e4tte Merle diese Nacht nicht \u00fcberlebt. Doch Iris wusste sofort: Sie wollte nicht &hellip; Die Familie Fenja, Ludwig &amp; Merle Weiterlesen &raquo;","og_url":"https:\/\/lebenshilfe-kuh-und-co.de\/index.php\/die-familie-fenja-ludwig-merle\/","og_site_name":"Lebenshilfe Kuh und Co e.V.","article_publisher":"https:\/\/www.facebook.com\/lebenshilfekuhundco","article_modified_time":"2026-05-10T17:43:11+00:00","og_image":[{"url":"https:\/\/lebenshilfe-kuh-und-co.de\/wp-content\/uploads\/2026\/05\/fenja-ludwig-merle2-932x1024.jpeg"}],"twitter_card":"summary_large_image","twitter_misc":{"Gesch\u00e4tzte Lesezeit":"3\u00a0Minuten"},"schema":{"@context":"https:\/\/schema.org","@graph":[{"@type":"WebPage","@id":"https:\/\/lebenshilfe-kuh-und-co.de\/index.php\/die-familie-fenja-ludwig-merle\/","url":"https:\/\/lebenshilfe-kuh-und-co.de\/index.php\/die-familie-fenja-ludwig-merle\/","name":"Die Familie Fenja, Ludwig &amp; Merle - Lebenshilfe Kuh und Co e.V.","isPartOf":{"@id":"https:\/\/lebenshilfe-kuh-und-co.de\/#website"},"datePublished":"2026-05-10T15:34:33+00:00","dateModified":"2026-05-10T17:43:11+00:00","breadcrumb":{"@id":"https:\/\/lebenshilfe-kuh-und-co.de\/index.php\/die-familie-fenja-ludwig-merle\/#breadcrumb"},"inLanguage":"de","potentialAction":[{"@type":"ReadAction","target":["https:\/\/lebenshilfe-kuh-und-co.de\/index.php\/die-familie-fenja-ludwig-merle\/"]}]},{"@type":"BreadcrumbList","@id":"https:\/\/lebenshilfe-kuh-und-co.de\/index.php\/die-familie-fenja-ludwig-merle\/#breadcrumb","itemListElement":[{"@type":"ListItem","position":1,"name":"Home","item":"https:\/\/lebenshilfe-kuh-und-co.de\/"},{"@type":"ListItem","position":2,"name":"Die Familie Fenja, Ludwig &amp; Merle"}]},{"@type":"WebSite","@id":"https:\/\/lebenshilfe-kuh-und-co.de\/#website","url":"https:\/\/lebenshilfe-kuh-und-co.de\/","name":"Lebenshilfe Kuh und Co e.V.","description":"Gemeinsam ein Licht in die St\u00e4lle tragen","publisher":{"@id":"https:\/\/lebenshilfe-kuh-und-co.de\/#organization"},"potentialAction":[{"@type":"SearchAction","target":{"@type":"EntryPoint","urlTemplate":"https:\/\/lebenshilfe-kuh-und-co.de\/?s={search_term_string}"},"query-input":"required name=search_term_string"}],"inLanguage":"de"},{"@type":"Organization","@id":"https:\/\/lebenshilfe-kuh-und-co.de\/#organization","name":"Lebenshilfe Kuh und Co e.V.","url":"https:\/\/lebenshilfe-kuh-und-co.de\/","logo":{"@type":"ImageObject","inLanguage":"de","@id":"https:\/\/lebenshilfe-kuh-und-co.de\/#\/schema\/logo\/image\/","url":"https:\/\/lebenshilfe-kuh-und-co.de\/wp-content\/uploads\/2023\/10\/cropped-cropped-lebenshilfe-logo.png","contentUrl":"https:\/\/lebenshilfe-kuh-und-co.de\/wp-content\/uploads\/2023\/10\/cropped-cropped-lebenshilfe-logo.png","width":451,"height":164,"caption":"Lebenshilfe Kuh und Co e.V."},"image":{"@id":"https:\/\/lebenshilfe-kuh-und-co.de\/#\/schema\/logo\/image\/"},"sameAs":["https:\/\/www.facebook.com\/lebenshilfekuhundco","https:\/\/www.instagram.com\/lebenshilfekuhundcoev\/"]}]}},"_links":{"self":[{"href":"https:\/\/lebenshilfe-kuh-und-co.de\/index.php\/wp-json\/wp\/v2\/pages\/4033","targetHints":{"allow":["GET"]}}],"collection":[{"href":"https:\/\/lebenshilfe-kuh-und-co.de\/index.php\/wp-json\/wp\/v2\/pages"}],"about":[{"href":"https:\/\/lebenshilfe-kuh-und-co.de\/index.php\/wp-json\/wp\/v2\/types\/page"}],"author":[{"embeddable":true,"href":"https:\/\/lebenshilfe-kuh-und-co.de\/index.php\/wp-json\/wp\/v2\/users\/2"}],"replies":[{"embeddable":true,"href":"https:\/\/lebenshilfe-kuh-und-co.de\/index.php\/wp-json\/wp\/v2\/comments?post=4033"}],"version-history":[{"count":23,"href":"https:\/\/lebenshilfe-kuh-und-co.de\/index.php\/wp-json\/wp\/v2\/pages\/4033\/revisions"}],"predecessor-version":[{"id":4070,"href":"https:\/\/lebenshilfe-kuh-und-co.de\/index.php\/wp-json\/wp\/v2\/pages\/4033\/revisions\/4070"}],"wp:attachment":[{"href":"https:\/\/lebenshilfe-kuh-und-co.de\/index.php\/wp-json\/wp\/v2\/media?parent=4033"}],"curies":[{"name":"wp","href":"https:\/\/api.w.org\/{rel}","templated":true}]}}